{"id":105,"date":"2020-10-07T07:59:03","date_gmt":"2020-10-07T07:59:03","guid":{"rendered":"https:\/\/fitology.hu\/contact\/"},"modified":"2024-10-08T14:48:18","modified_gmt":"2024-10-08T12:48:18","slug":"kapcsolat","status":"publish","type":"page","link":"https:\/\/fitology.hu\/en\/kapcsolat\/","title":{"rendered":"Contact"},"content":{"rendered":"<div data-elementor-type=\"wp-page\" data-elementor-id=\"105\" class=\"elementor elementor-105\">\n\t\t\t\t\t\t<section class=\"elementor-section elementor-top-section elementor-element elementor-element-59a89db elementor-section-boxed elementor-section-height-default elementor-section-height-default\" data-id=\"59a89db\" data-element_type=\"section\">\n\t\t\t\t\t\t<div class=\"elementor-container elementor-column-gap-no\">\n\t\t\t\t\t<div class=\"elementor-column elementor-col-100 elementor-top-column elementor-element elementor-element-c563e3d\" data-id=\"c563e3d\" data-element_type=\"column\">\n\t\t\t<div class=\"elementor-widget-wrap elementor-element-populated\">\n\t\t\t\t\t\t<div class=\"elementor-element elementor-element-fe9890c elementor-widget__width-initial elementor-widget elementor-widget-heading\" data-id=\"fe9890c\" data-element_type=\"widget\" data-widget_type=\"heading.default\">\n\t\t\t\t<div class=\"elementor-widget-container\">\n\t\t\t\t\t<h3 class=\"elementor-heading-title elementor-size-default\">If you have any questions about your diet, weight loss, or a healthier lifestyle, I'm here to help. I am waiting for your email so that we can work together to improve your health!<br><br>Az els\u0151, ingyenes <b>Sport Coaching<\/b> alkalomra  is itt tudsz jelentkezni!<\/h3>\t\t\t\t<\/div>\n\t\t\t\t<\/div>\n\t\t\t\t\t<\/div>\n\t\t<\/div>\n\t\t\t\t\t<\/div>\n\t\t<\/section>\n\t\t<div class=\"elementor-element elementor-element-7f94bb5 e-flex e-con-boxed e-con e-parent\" data-id=\"7f94bb5\" data-element_type=\"container\">\n\t\t\t\t\t<div class=\"e-con-inner\">\n\t\t\t\t<div class=\"elementor-element elementor-element-a73d0a8 elementor-widget elementor-widget-shortcode\" data-id=\"a73d0a8\" data-element_type=\"widget\" data-widget_type=\"shortcode.default\">\n\t\t\t\t<div class=\"elementor-widget-container\">\n\t\t\t\t\t\t\t<div class=\"elementor-shortcode\">\n<div class=\"wpcf7 no-js\" id=\"wpcf7-f25402-o1\" lang=\"hu-HU\" dir=\"ltr\" data-wpcf7-id=\"25402\">\n<div class=\"screen-reader-response\"><p role=\"status\" aria-live=\"polite\" aria-atomic=\"true\"><\/p> <ul><\/ul><\/div>\n<form action=\"\/en\/wp-json\/wp\/v2\/pages\/105#wpcf7-f25402-o1\" method=\"post\" class=\"wpcf7-form init wpcf7-acceptance-as-validation\" aria-label=\"Kapcsolatfelv\u00e9teli \u0171rlap\" novalidate=\"novalidate\" data-status=\"init\" data-trp-original-action=\"\/en\/wp-json\/wp\/v2\/pages\/105#wpcf7-f25402-o1\">\n<fieldset class=\"hidden-fields-container\"><input type=\"hidden\" name=\"_wpcf7\" value=\"25402\" \/><input type=\"hidden\" name=\"_wpcf7_version\" value=\"6.1.4\" \/><input type=\"hidden\" name=\"_wpcf7_locale\" value=\"hu_HU\" \/><input type=\"hidden\" name=\"_wpcf7_unit_tag\" value=\"wpcf7-f25402-o1\" \/><input type=\"hidden\" name=\"_wpcf7_container_post\" value=\"0\" \/><input type=\"hidden\" name=\"_wpcf7_posted_data_hash\" value=\"\" \/>\n<\/fieldset>\n<p><label> Name<br \/>\n<span class=\"wpcf7-form-control-wrap\" data-name=\"your-name\"><input size=\"40\" maxlength=\"400\" class=\"wpcf7-form-control wpcf7-text wpcf7-validates-as-required\" autocomplete=\"name\" aria-required=\"true\" aria-invalid=\"false\" value=\"\" type=\"text\" name=\"your-name\" \/><\/span> <\/label>\n<\/p>\n<p><label> E-mail c\u00edm<br \/>\n<span class=\"wpcf7-form-control-wrap\" data-name=\"your-email\"><input size=\"40\" maxlength=\"400\" class=\"wpcf7-form-control wpcf7-email wpcf7-validates-as-required wpcf7-text wpcf7-validates-as-email\" autocomplete=\"email\" aria-required=\"true\" aria-invalid=\"false\" value=\"\" type=\"email\" name=\"your-email\" \/><\/span> <\/label>\n<\/p>\n<p><label> Subject<br \/>\n<span class=\"wpcf7-form-control-wrap\" data-name=\"your-subject\"><input size=\"40\" maxlength=\"400\" class=\"wpcf7-form-control wpcf7-text wpcf7-validates-as-required\" aria-required=\"true\" aria-invalid=\"false\" value=\"\" type=\"text\" name=\"your-subject\" \/><\/span> <\/label>\n<\/p>\n<p><label> Message (optional)<br \/>\n<span class=\"wpcf7-form-control-wrap\" data-name=\"your-message\"><textarea cols=\"40\" rows=\"10\" maxlength=\"2000\" class=\"wpcf7-form-control wpcf7-textarea\" aria-invalid=\"false\" name=\"your-message\"><\/textarea><\/span> <\/label>\n<\/p>\n<div>\n\t<p><span class=\"wpcf7-form-control-wrap\" data-name=\"GDPR\"><span class=\"wpcf7-form-control wpcf7-acceptance\"><span class=\"wpcf7-list-item\"><label><input type=\"checkbox\" name=\"GDPR\" value=\"1\" aria-invalid=\"false\" \/><span class=\"wpcf7-list-item-label\">Elolvastam \u00e9s elfogadom az <a href=\"https:\/\/fitology.hu\/en\/adatkezelesi-tajekoztato\/\" target=\"_blank\">adatkezel\u00e9si t\u00e1j\u00e9koztat\u00f3t<\/a>!<\/span><\/label><\/span><\/span><\/span>\n\t<\/p>\n<\/div>\n<div style=\"max-width:200px\">\n\t<p><input type=\"hidden\" name=\"_wpcf7_captcha_challenge_captcha-1\" value=\"4203044001\" \/><img decoding=\"async\" class=\"wpcf7-form-control wpcf7-captchac wpcf7-captcha-captcha-1\" width=\"72\" height=\"24\" alt=\"captcha\" src=\"https:\/\/fitology.hu\/wp-content\/uploads\/wpcf7_captcha\/4203044001.png\" \/><span class=\"wpcf7-form-control-wrap\" data-name=\"captcha-1\"><input size=\"40\" class=\"wpcf7-form-control wpcf7-captchar\" autocomplete=\"off\" aria-invalid=\"false\" value=\"\" type=\"text\" name=\"captcha-1\" \/><\/span>\n\t<\/p>\n<\/div>\n<p><input class=\"wpcf7-form-control wpcf7-submit has-spinner\" type=\"submit\" value=\"Send\" \/>\n<\/p><div class=\"wpcf7-response-output\" aria-hidden=\"true\"><\/div>\n<input type=\"hidden\" name=\"trp-form-language\" value=\"en\"\/><\/form>\n<\/div>\n<\/div>\n\t\t\t\t\t\t<\/div>\n\t\t\t\t<\/div>\n\t\t\t\t\t<\/div>\n\t\t\t\t<\/div>\n\t\t<div class=\"elementor-element elementor-element-fd41954 e-con-full e-flex e-con e-parent\" data-id=\"fd41954\" data-element_type=\"container\">\n\t\t\t\t<\/div>\n\t\t\t\t<section class=\"elementor-section elementor-top-section elementor-element elementor-element-228cc10 elementor-section-content-middle elementor-section-boxed elementor-section-height-default elementor-section-height-default\" data-id=\"228cc10\" data-element_type=\"section\">\n\t\t\t\t\t\t<div class=\"elementor-container elementor-column-gap-no\">\n\t\t\t\t\t<div class=\"elementor-column elementor-col-50 elementor-top-column elementor-element elementor-element-42e9005\" data-id=\"42e9005\" data-element_type=\"column\">\n\t\t\t<div class=\"elementor-widget-wrap elementor-element-populated\">\n\t\t\t\t\t\t<div class=\"elementor-element elementor-element-285b95e elementor-widget__width-auto elementor-absolute elementor-widget elementor-widget-image\" data-id=\"285b95e\" data-element_type=\"widget\" data-settings=\"{&quot;_position&quot;:&quot;absolute&quot;}\" data-widget_type=\"image.default\">\n\t\t\t\t<div class=\"elementor-widget-container\">\n\t\t\t\t\t\t\t\t\t\t\t\t\t\t\t<img fetchpriority=\"high\" decoding=\"async\" width=\"400\" height=\"192\" src=\"https:\/\/fitology.hu\/wp-content\/uploads\/2020\/10\/pattern.png\" class=\"attachment-large size-large wp-image-77\" alt=\"\" srcset=\"https:\/\/fitology.hu\/wp-content\/uploads\/2020\/10\/pattern.png 400w, https:\/\/fitology.hu\/wp-content\/uploads\/2020\/10\/pattern-300x144.png 300w\" sizes=\"(max-width: 400px) 100vw, 400px\" \/>\t\t\t\t\t\t\t\t\t\t\t\t\t\t\t<\/div>\n\t\t\t\t<\/div>\n\t\t\t\t<div class=\"elementor-element elementor-element-7535827 elementor-absolute elementor-widget elementor-widget-image\" data-id=\"7535827\" data-element_type=\"widget\" data-settings=\"{&quot;_position&quot;:&quot;absolute&quot;}\" data-widget_type=\"image.default\">\n\t\t\t\t<div class=\"elementor-widget-container\">\n\t\t\t\t\t\t\t\t\t\t\t\t\t\t\t<img decoding=\"async\" width=\"200\" height=\"489\" src=\"https:\/\/fitology.hu\/wp-content\/uploads\/2020\/10\/pattern-v-1.png\" class=\"attachment-large size-large wp-image-145\" alt=\"\" srcset=\"https:\/\/fitology.hu\/wp-content\/uploads\/2020\/10\/pattern-v-1.png 200w, https:\/\/fitology.hu\/wp-content\/uploads\/2020\/10\/pattern-v-1-123x300.png 123w\" sizes=\"(max-width: 200px) 100vw, 200px\" \/>\t\t\t\t\t\t\t\t\t\t\t\t\t\t\t<\/div>\n\t\t\t\t<\/div>\n\t\t\t\t\t<\/div>\n\t\t<\/div>\n\t\t\t\t<div class=\"elementor-column elementor-col-50 elementor-top-column elementor-element elementor-element-5af3447\" data-id=\"5af3447\" data-element_type=\"column\">\n\t\t\t<div class=\"elementor-widget-wrap elementor-element-populated\">\n\t\t\t\t\t\t<div class=\"elementor-element elementor-element-c5a2ea8 elementor-widget__width-auto elementor-absolute elementor-widget elementor-widget-image\" data-id=\"c5a2ea8\" data-element_type=\"widget\" data-settings=\"{&quot;_position&quot;:&quot;absolute&quot;}\" data-widget_type=\"image.default\">\n\t\t\t\t<div class=\"elementor-widget-container\">\n\t\t\t\t\t\t\t\t\t\t\t\t\t\t\t<img fetchpriority=\"high\" decoding=\"async\" width=\"400\" height=\"192\" src=\"https:\/\/fitology.hu\/wp-content\/uploads\/2020\/10\/pattern.png\" class=\"attachment-large size-large wp-image-77\" alt=\"\" srcset=\"https:\/\/fitology.hu\/wp-content\/uploads\/2020\/10\/pattern.png 400w, https:\/\/fitology.hu\/wp-content\/uploads\/2020\/10\/pattern-300x144.png 300w\" sizes=\"(max-width: 400px) 100vw, 400px\" \/>\t\t\t\t\t\t\t\t\t\t\t\t\t\t\t<\/div>\n\t\t\t\t<\/div>\n\t\t\t\t\t<\/div>\n\t\t<\/div>\n\t\t\t\t\t<\/div>\n\t\t<\/section>\n\t\t\t\t<\/div>","protected":false},"excerpt":{"rendered":"<p>Ha b\u00e1rmilyen k\u00e9rd\u00e9sed van a teljes\u00edtm\u00e9nyn\u00f6vel\u00e9s, s\u00falycs\u00f6kkent\u00e9s, esetleg az eg\u00e9szs\u00e9gesebb \u00e9letm\u00f3d kapcs\u00e1n, itt vagyok, hogy seg\u00edtsek! V\u00e1rom az emailedet hogy egy\u00fctt dolgozhassunk az eg\u00e9szs\u00e9ged jav\u00edt\u00e1s\u00e1n! Az els\u0151, ingyenes Sport coaching alkalomra is itt tudsz jelentkezni!<\/p>","protected":false},"author":1,"featured_media":0,"parent":0,"menu_order":0,"comment_status":"closed","ping_status":"closed","template":"","meta":{"_monsterinsights_skip_tracking":false,"_monsterinsights_sitenote_active":false,"_monsterinsights_sitenote_note":"","_monsterinsights_sitenote_category":0,"site-sidebar-layout":"no-sidebar","site-content-layout":"page-builder","ast-site-content-layout":"full-width-container","site-content-style":"unboxed","site-sidebar-style":"unboxed","ast-global-header-display":"","ast-banner-title-visibility":"","ast-main-header-display":"","ast-hfb-above-header-display":"","ast-hfb-below-header-display":"","ast-hfb-mobile-header-display":"","site-post-title":"disabled","ast-breadcrumbs-content":"","ast-featured-img":"disabled","footer-sml-layout":"","ast-disable-related-posts":"","theme-transparent-header-meta":"default","adv-header-id-meta":"","stick-header-meta":"","header-above-stick-meta":"","header-main-stick-meta":"","header-below-stick-meta":"","astra-migrate-meta-layouts":"set","ast-page-background-enabled":"default","ast-page-background-meta":{"desktop":{"background-color":"","background-image":"","background-repeat":"repeat","background-position":"center center","background-size":"auto","background-attachment":"scroll","background-type":"","background-media":"","overlay-type":"","overlay-color":"","overlay-opacity":"","overlay-gradient":""},"tablet":{"background-color":"","background-image":"","background-repeat":"repeat","background-position":"center center","background-size":"auto","background-attachment":"scroll","background-type":"","background-media":"","overlay-type":"","overlay-color":"","overlay-opacity":"","overlay-gradient":""},"mobile":{"background-color":"","background-image":"","background-repeat":"repeat","background-position":"center center","background-size":"auto","background-attachment":"scroll","background-type":"","background-media":"","overlay-type":"","overlay-color":"","overlay-opacity":"","overlay-gradient":""}},"ast-content-background-meta":{"desktop":{"background-color":"var(--ast-global-color-5)","background-image":"","background-repeat":"repeat","background-position":"center center","background-size":"auto","background-attachment":"scroll","background-type":"","background-media":"","overlay-type":"","overlay-color":"","overlay-opacity":"","overlay-gradient":""},"tablet":{"background-color":"var(--ast-global-color-5)","background-image":"","background-repeat":"repeat","background-position":"center center","background-size":"auto","background-attachment":"scroll","background-type":"","background-media":"","overlay-type":"","overlay-color":"","overlay-opacity":"","overlay-gradient":""},"mobile":{"background-color":"var(--ast-global-color-5)","background-image":"","background-repeat":"repeat","background-position":"center center","background-size":"auto","background-attachment":"scroll","background-type":"","background-media":"","overlay-type":"","overlay-color":"","overlay-opacity":"","overlay-gradient":""}},"footnotes":""},"class_list":["post-105","page","type-page","status-publish","hentry"],"yoast_head":"<!-- This site is optimized with the Yoast SEO plugin v26.7 - https:\/\/yoast.com\/wordpress\/plugins\/seo\/ -->\n<title>Kapcsolat - Fitology<\/title>\n<meta name=\"description\" content=\"L\u00e9pj kapcsolatba velem, hogy szem\u00e9lyre szabott edz\u00e9stervekkel \u00e9s t\u00e1pl\u00e1lkoz\u00e1si tan\u00e1csad\u00e1ssal seg\u00edtsem c\u00e9ljaid el\u00e9r\u00e9s\u00e9t!\" \/>\n<meta name=\"robots\" content=\"index, follow, max-snippet:-1, max-image-preview:large, max-video-preview:-1\" \/>\n<link rel=\"canonical\" href=\"https:\/\/fitology.hu\/en\/kapcsolat\/\" \/>\n<meta property=\"og:locale\" content=\"en_GB\" \/>\n<meta property=\"og:type\" content=\"article\" \/>\n<meta property=\"og:title\" content=\"Kapcsolat - Fitology\" \/>\n<meta property=\"og:description\" content=\"L\u00e9pj kapcsolatba velem, hogy szem\u00e9lyre szabott edz\u00e9stervekkel \u00e9s t\u00e1pl\u00e1lkoz\u00e1si tan\u00e1csad\u00e1ssal seg\u00edtsem c\u00e9ljaid el\u00e9r\u00e9s\u00e9t!\" \/>\n<meta property=\"og:url\" content=\"https:\/\/fitology.hu\/en\/kapcsolat\/\" \/>\n<meta property=\"og:site_name\" content=\"Fitology\" \/>\n<meta property=\"article:publisher\" content=\"https:\/\/www.facebook.com\/DrTeglasTimea\/#\" \/>\n<meta property=\"article:modified_time\" content=\"2024-10-08T12:48:18+00:00\" \/>\n<meta property=\"og:image\" content=\"https:\/\/fitology.hu\/wp-content\/uploads\/2020\/10\/pattern.png\" \/>\n<meta name=\"twitter:card\" content=\"summary_large_image\" \/>\n<meta name=\"twitter:label1\" content=\"Estimated reading time\" \/>\n\t<meta name=\"twitter:data1\" content=\"1 minute\" \/>\n<script type=\"application\/ld+json\" class=\"yoast-schema-graph\">{\"@context\":\"https:\/\/schema.org\",\"@graph\":[{\"@type\":\"WebPage\",\"@id\":\"https:\/\/fitology.hu\/kapcsolat\/\",\"url\":\"https:\/\/fitology.hu\/kapcsolat\/\",\"name\":\"Kapcsolat - Fitology\",\"isPartOf\":{\"@id\":\"https:\/\/fitology.hu\/#website\"},\"primaryImageOfPage\":{\"@id\":\"https:\/\/fitology.hu\/kapcsolat\/#primaryimage\"},\"image\":{\"@id\":\"https:\/\/fitology.hu\/kapcsolat\/#primaryimage\"},\"thumbnailUrl\":\"https:\/\/fitology.hu\/wp-content\/uploads\/2020\/10\/pattern.png\",\"datePublished\":\"2020-10-07T07:59:03+00:00\",\"dateModified\":\"2024-10-08T12:48:18+00:00\",\"description\":\"L\u00e9pj kapcsolatba velem, hogy szem\u00e9lyre szabott edz\u00e9stervekkel \u00e9s t\u00e1pl\u00e1lkoz\u00e1si tan\u00e1csad\u00e1ssal seg\u00edtsem c\u00e9ljaid el\u00e9r\u00e9s\u00e9t!\",\"breadcrumb\":{\"@id\":\"https:\/\/fitology.hu\/kapcsolat\/#breadcrumb\"},\"inLanguage\":\"en-GB\",\"potentialAction\":[{\"@type\":\"ReadAction\",\"target\":[\"https:\/\/fitology.hu\/kapcsolat\/\"]}]},{\"@type\":\"ImageObject\",\"inLanguage\":\"en-GB\",\"@id\":\"https:\/\/fitology.hu\/kapcsolat\/#primaryimage\",\"url\":\"https:\/\/fitology.hu\/wp-content\/uploads\/2020\/10\/pattern.png\",\"contentUrl\":\"https:\/\/fitology.hu\/wp-content\/uploads\/2020\/10\/pattern.png\"},{\"@type\":\"BreadcrumbList\",\"@id\":\"https:\/\/fitology.hu\/kapcsolat\/#breadcrumb\",\"itemListElement\":[{\"@type\":\"ListItem\",\"position\":1,\"name\":\"Kezd\u0151lap\",\"item\":\"https:\/\/fitology.hu\/\"},{\"@type\":\"ListItem\",\"position\":2,\"name\":\"Kapcsolat\"}]},{\"@type\":\"WebSite\",\"@id\":\"https:\/\/fitology.hu\/#website\",\"url\":\"https:\/\/fitology.hu\/\",\"name\":\"Fitology\",\"description\":\"by Dr. T\u00edmea T\u00e9gl\u00e1s\",\"publisher\":{\"@id\":\"https:\/\/fitology.hu\/#organization\"},\"potentialAction\":[{\"@type\":\"SearchAction\",\"target\":{\"@type\":\"EntryPoint\",\"urlTemplate\":\"https:\/\/fitology.hu\/?s={search_term_string}\"},\"query-input\":{\"@type\":\"PropertyValueSpecification\",\"valueRequired\":true,\"valueName\":\"search_term_string\"}}],\"inLanguage\":\"en-GB\"},{\"@type\":\"Organization\",\"@id\":\"https:\/\/fitology.hu\/#organization\",\"name\":\"Fitology\",\"url\":\"https:\/\/fitology.hu\/\",\"logo\":{\"@type\":\"ImageObject\",\"inLanguage\":\"en-GB\",\"@id\":\"https:\/\/fitology.hu\/#\/schema\/logo\/image\/\",\"url\":\"https:\/\/fitology.hu\/wp-content\/uploads\/2023\/11\/cropped-2012333E-8284-45BA-982A-ED2881AEC88C.png\",\"contentUrl\":\"https:\/\/fitology.hu\/wp-content\/uploads\/2023\/11\/cropped-2012333E-8284-45BA-982A-ED2881AEC88C.png\",\"width\":512,\"height\":512,\"caption\":\"Fitology\"},\"image\":{\"@id\":\"https:\/\/fitology.hu\/#\/schema\/logo\/image\/\"},\"sameAs\":[\"https:\/\/www.facebook.com\/DrTeglasTimea\/#\"]}]}<\/script>\n<!-- \/ Yoast SEO plugin. -->","yoast_head_json":{"title":"Kapcsolat - Fitology","description":"L\u00e9pj kapcsolatba velem, hogy szem\u00e9lyre szabott edz\u00e9stervekkel \u00e9s t\u00e1pl\u00e1lkoz\u00e1si tan\u00e1csad\u00e1ssal seg\u00edtsem c\u00e9ljaid el\u00e9r\u00e9s\u00e9t!","robots":{"index":"index","follow":"follow","max-snippet":"max-snippet:-1","max-image-preview":"max-image-preview:large","max-video-preview":"max-video-preview:-1"},"canonical":"https:\/\/fitology.hu\/en\/kapcsolat\/","og_locale":"en_GB","og_type":"article","og_title":"Kapcsolat - Fitology","og_description":"L\u00e9pj kapcsolatba velem, hogy szem\u00e9lyre szabott edz\u00e9stervekkel \u00e9s t\u00e1pl\u00e1lkoz\u00e1si tan\u00e1csad\u00e1ssal seg\u00edtsem c\u00e9ljaid el\u00e9r\u00e9s\u00e9t!","og_url":"https:\/\/fitology.hu\/en\/kapcsolat\/","og_site_name":"Fitology","article_publisher":"https:\/\/www.facebook.com\/DrTeglasTimea\/#","article_modified_time":"2024-10-08T12:48:18+00:00","og_image":[{"url":"https:\/\/fitology.hu\/wp-content\/uploads\/2020\/10\/pattern.png","type":"","width":"","height":""}],"twitter_card":"summary_large_image","twitter_misc":{"Estimated reading time":"1 minute"},"schema":{"@context":"https:\/\/schema.org","@graph":[{"@type":"WebPage","@id":"https:\/\/fitology.hu\/kapcsolat\/","url":"https:\/\/fitology.hu\/kapcsolat\/","name":"Kapcsolat - Fitology","isPartOf":{"@id":"https:\/\/fitology.hu\/#website"},"primaryImageOfPage":{"@id":"https:\/\/fitology.hu\/kapcsolat\/#primaryimage"},"image":{"@id":"https:\/\/fitology.hu\/kapcsolat\/#primaryimage"},"thumbnailUrl":"https:\/\/fitology.hu\/wp-content\/uploads\/2020\/10\/pattern.png","datePublished":"2020-10-07T07:59:03+00:00","dateModified":"2024-10-08T12:48:18+00:00","description":"L\u00e9pj kapcsolatba velem, hogy szem\u00e9lyre szabott edz\u00e9stervekkel \u00e9s t\u00e1pl\u00e1lkoz\u00e1si tan\u00e1csad\u00e1ssal seg\u00edtsem c\u00e9ljaid el\u00e9r\u00e9s\u00e9t!","breadcrumb":{"@id":"https:\/\/fitology.hu\/kapcsolat\/#breadcrumb"},"inLanguage":"en-GB","potentialAction":[{"@type":"ReadAction","target":["https:\/\/fitology.hu\/kapcsolat\/"]}]},{"@type":"ImageObject","inLanguage":"en-GB","@id":"https:\/\/fitology.hu\/kapcsolat\/#primaryimage","url":"https:\/\/fitology.hu\/wp-content\/uploads\/2020\/10\/pattern.png","contentUrl":"https:\/\/fitology.hu\/wp-content\/uploads\/2020\/10\/pattern.png"},{"@type":"BreadcrumbList","@id":"https:\/\/fitology.hu\/kapcsolat\/#breadcrumb","itemListElement":[{"@type":"ListItem","position":1,"name":"Kezd\u0151lap","item":"https:\/\/fitology.hu\/"},{"@type":"ListItem","position":2,"name":"Kapcsolat"}]},{"@type":"WebSite","@id":"https:\/\/fitology.hu\/#website","url":"https:\/\/fitology.hu\/","name":"Fitology","description":"by Dr. T\u00edmea T\u00e9gl\u00e1s","publisher":{"@id":"https:\/\/fitology.hu\/#organization"},"potentialAction":[{"@type":"SearchAction","target":{"@type":"EntryPoint","urlTemplate":"https:\/\/fitology.hu\/?s={search_term_string}"},"query-input":{"@type":"PropertyValueSpecification","valueRequired":true,"valueName":"search_term_string"}}],"inLanguage":"en-GB"},{"@type":"Organization","@id":"https:\/\/fitology.hu\/#organization","name":"Fitology","url":"https:\/\/fitology.hu\/","logo":{"@type":"ImageObject","inLanguage":"en-GB","@id":"https:\/\/fitology.hu\/#\/schema\/logo\/image\/","url":"https:\/\/fitology.hu\/wp-content\/uploads\/2023\/11\/cropped-2012333E-8284-45BA-982A-ED2881AEC88C.png","contentUrl":"https:\/\/fitology.hu\/wp-content\/uploads\/2023\/11\/cropped-2012333E-8284-45BA-982A-ED2881AEC88C.png","width":512,"height":512,"caption":"Fitology"},"image":{"@id":"https:\/\/fitology.hu\/#\/schema\/logo\/image\/"},"sameAs":["https:\/\/www.facebook.com\/DrTeglasTimea\/#"]}]}},"_links":{"self":[{"href":"https:\/\/fitology.hu\/en\/wp-json\/wp\/v2\/pages\/105","targetHints":{"allow":["GET"]}}],"collection":[{"href":"https:\/\/fitology.hu\/en\/wp-json\/wp\/v2\/pages"}],"about":[{"href":"https:\/\/fitology.hu\/en\/wp-json\/wp\/v2\/types\/page"}],"author":[{"embeddable":true,"href":"https:\/\/fitology.hu\/en\/wp-json\/wp\/v2\/users\/1"}],"replies":[{"embeddable":true,"href":"https:\/\/fitology.hu\/en\/wp-json\/wp\/v2\/comments?post=105"}],"version-history":[{"count":0,"href":"https:\/\/fitology.hu\/en\/wp-json\/wp\/v2\/pages\/105\/revisions"}],"wp:attachment":[{"href":"https:\/\/fitology.hu\/en\/wp-json\/wp\/v2\/media?parent=105"}],"curies":[{"name":"wp","href":"https:\/\/api.w.org\/{rel}","templated":true}]}}