{"id":24877,"date":"2023-11-09T15:14:24","date_gmt":"2023-11-09T14:14:24","guid":{"rendered":"https:\/\/fitology.hu\/?page_id=24877"},"modified":"2024-08-24T09:37:28","modified_gmt":"2024-08-24T07:37:28","slug":"60-perces-online-konzultacio","status":"publish","type":"page","link":"https:\/\/fitology.hu\/en\/60-perces-online-konzultacio\/","title":{"rendered":"60 min Online Consultation"},"content":{"rendered":"<div data-elementor-type=\"wp-page\" data-elementor-id=\"24877\" class=\"elementor elementor-24877\">\n\t\t\t\t<div class=\"elementor-element elementor-element-b4ede8e e-flex e-con-boxed e-con e-parent\" data-id=\"b4ede8e\" data-element_type=\"container\">\n\t\t\t\t\t<div class=\"e-con-inner\">\n\t\t<div class=\"elementor-element elementor-element-3860694 e-con-full e-flex e-con e-child\" data-id=\"3860694\" data-element_type=\"container\">\n\t\t\t\t<div class=\"elementor-element elementor-element-c3e5b12 elementor-widget elementor-widget-heading\" data-id=\"c3e5b12\" data-element_type=\"widget\" data-widget_type=\"heading.default\">\n\t\t\t\t<div class=\"elementor-widget-container\">\n\t\t\t\t\t<h2 class=\"elementor-heading-title elementor-size-default\">60 min Online Consultation<\/h2>\t\t\t\t<\/div>\n\t\t\t\t<\/div>\n\t\t\t\t<div class=\"elementor-element elementor-element-da5979e elementor-widget elementor-widget-image\" data-id=\"da5979e\" data-element_type=\"widget\" data-widget_type=\"image.default\">\n\t\t\t\t<div class=\"elementor-widget-container\">\n\t\t\t\t\t\t\t\t\t\t\t\t\t\t\t<img fetchpriority=\"high\" decoding=\"async\" width=\"768\" height=\"512\" src=\"https:\/\/fitology.hu\/wp-content\/uploads\/2023\/11\/pexels-anna-shvets-4226256-768x512.jpg\" class=\"attachment-medium_large size-medium_large wp-image-24641\" alt=\"\" srcset=\"https:\/\/fitology.hu\/wp-content\/uploads\/2023\/11\/pexels-anna-shvets-4226256-768x512.jpg 768w, https:\/\/fitology.hu\/wp-content\/uploads\/2023\/11\/pexels-anna-shvets-4226256-scaled-600x400.jpg 600w, https:\/\/fitology.hu\/wp-content\/uploads\/2023\/11\/pexels-anna-shvets-4226256-300x200.jpg 300w, https:\/\/fitology.hu\/wp-content\/uploads\/2023\/11\/pexels-anna-shvets-4226256-1024x683.jpg 1024w, https:\/\/fitology.hu\/wp-content\/uploads\/2023\/11\/pexels-anna-shvets-4226256-1536x1024.jpg 1536w, https:\/\/fitology.hu\/wp-content\/uploads\/2023\/11\/pexels-anna-shvets-4226256-2048x1365.jpg 2048w\" sizes=\"(max-width: 768px) 100vw, 768px\" \/>\t\t\t\t\t\t\t\t\t\t\t\t\t\t\t<\/div>\n\t\t\t\t<\/div>\n\t\t\t\t<div class=\"elementor-element elementor-element-5367a06 elementor-widget elementor-widget-text-editor\" data-id=\"5367a06\" data-element_type=\"widget\" data-widget_type=\"text-editor.default\">\n\t\t\t\t<div class=\"elementor-widget-container\">\n\t\t\t\t\t\t\t\t\t<h5>Szem\u00e9lyre szabott ir\u00e1nymutat\u00e1s online, 60 perces t\u00e1pl\u00e1lkoz\u00e1si \u00e9s\/vagy edz\u00e9s konzult\u00e1ci\u00f3val. A mai rohan\u00f3 vil\u00e1gban az eg\u00e9szs\u00e9ges \u00e9letm\u00f3d fenntart\u00e1sa kih\u00edv\u00e1st jelenthet, azonban az online konzult\u00e1ci\u00f3k k\u00e9nyelm\u00e9vel ak\u00e1r otthonr\u00f3l is hozz\u00e1f\u00e9rhetsz a szak\u00e9rt\u0151i tan\u00e1csad\u00e1shoz.<br>Weboldalamon szem\u00e9lyre szabott online konzult\u00e1ci\u00f3t k\u00edn\u00e1lok a t\u00e1pl\u00e1lkoz\u00e1s \u00e9s edz\u00e9s ter\u00fclet\u00e9n, hat\u00e9kony m\u00f3dszerek alkalmaz\u00e1s\u00e1val az eg\u00e9szs\u00e9ged fenntart\u00e1s\u00e1hoz \u00e9s fitnesz c\u00e9ljaid el\u00e9r\u00e9s\u00e9hez.<\/h5>\n<div><br><\/div>\n<h3>Why Choose Online Consultations?<\/h3>\n<h5>Online consultations have revolutionized the way we access expert advice. They offer several key advantages:<\/h5>\n<div><br><\/div>\n<h5>1.\tConvenience: Say goodbye to the hassle of commuting and scheduling appointments. With online consultations, you can connect with experienced nutrition and exercise professionals from anywhere, at a time that suits you.<\/h5>\n<h5>2. Personalization: Consultations are tailored to your individual needs, goals, and lifestyle. Whether it's weight loss, muscle building, improving overall fitness, increasing strength, or enhancing performance, we will find the most suitable solution for you.<\/h5>\n<h5 class=\"translation-block\">3.\tFlexibility: I understand that your schedule can be unpredictable. Online consultations offer the flexibility to receive guidance when it's most convenient for you, ensuring you stay on track with your health and fitness journey.<\/h5>\n<h5>4.\tI will request you to fill out a food diary in which you need to provide a detailed description of any three days of your choice. The service fee includes the evaluation of the diary<\/h5>\n<div>&nbsp;<\/div>\n<h2>Price: 26 990 HUF<\/h2>\t\t\t\t\t\t\t\t<\/div>\n\t\t\t\t<\/div>\n\t\t\t\t<div class=\"elementor-element elementor-element-d7112da elementor-align-center elementor-widget elementor-widget-button\" data-id=\"d7112da\" data-element_type=\"widget\" data-widget_type=\"button.default\">\n\t\t\t\t<div class=\"elementor-widget-container\">\n\t\t\t\t\t\t\t\t\t<div class=\"elementor-button-wrapper\">\n\t\t\t\t\t<a class=\"elementor-button elementor-button-link elementor-size-sm\" href=\"https:\/\/fitology.hu\/en\/kosar\/?add-to-cart=25646\">\n\t\t\t\t\t\t<span class=\"elementor-button-content-wrapper\">\n\t\t\t\t\t\t\t\t\t<span class=\"elementor-button-text\">Ordering<\/span>\n\t\t\t\t\t<\/span>\n\t\t\t\t\t<\/a>\n\t\t\t\t<\/div>\n\t\t\t\t\t\t\t\t<\/div>\n\t\t\t\t<\/div>\n\t\t\t\t<\/div>\n\t\t\t\t\t<\/div>\n\t\t\t\t<\/div>\n\t\t<div class=\"elementor-element elementor-element-b0e4426 e-flex e-con-boxed e-con e-parent\" data-id=\"b0e4426\" data-element_type=\"container\">\n\t\t\t\t\t<div class=\"e-con-inner\">\n\t\t\t\t\t<\/div>\n\t\t\t\t<\/div>\n\t\t\t\t<\/div>","protected":false},"excerpt":{"rendered":"<p>60 perces online konzult\u00e1ci\u00f3 Szem\u00e9lyre szabott ir\u00e1nymutat\u00e1s online, 60 perces t\u00e1pl\u00e1lkoz\u00e1si \u00e9s\/vagy edz\u00e9s konzult\u00e1ci\u00f3val. A mai rohan\u00f3 vil\u00e1gban az eg\u00e9szs\u00e9ges \u00e9letm\u00f3d fenntart\u00e1sa kih\u00edv\u00e1st jelenthet, azonban az online konzult\u00e1ci\u00f3k k\u00e9nyelm\u00e9vel ak\u00e1r otthonr\u00f3l is hozz\u00e1f\u00e9rhetsz a szak\u00e9rt\u0151i tan\u00e1csad\u00e1shoz.Weboldalamon szem\u00e9lyre szabott online konzult\u00e1ci\u00f3t k\u00edn\u00e1lok a t\u00e1pl\u00e1lkoz\u00e1s \u00e9s edz\u00e9s ter\u00fclet\u00e9n, hat\u00e9kony m\u00f3dszerek alkalmaz\u00e1s\u00e1val az eg\u00e9szs\u00e9ged fenntart\u00e1s\u00e1hoz \u00e9s fitnesz c\u00e9ljaid [&hellip;]<\/p>","protected":false},"author":1,"featured_media":0,"parent":0,"menu_order":0,"comment_status":"closed","ping_status":"closed","template":"","meta":{"_monsterinsights_skip_tracking":false,"_monsterinsights_sitenote_active":false,"_monsterinsights_sitenote_note":"","_monsterinsights_sitenote_category":0,"site-sidebar-layout":"no-sidebar","site-content-layout":"page-builder","ast-site-content-layout":"full-width-container","site-content-style":"default","site-sidebar-style":"default","ast-global-header-display":"","ast-banner-title-visibility":"","ast-main-header-display":"","ast-hfb-above-header-display":"","ast-hfb-below-header-display":"","ast-hfb-mobile-header-display":"","site-post-title":"disabled","ast-breadcrumbs-content":"","ast-featured-img":"disabled","footer-sml-layout":"","ast-disable-related-posts":"","theme-transparent-header-meta":"","adv-header-id-meta":"","stick-header-meta":"","header-above-stick-meta":"","header-main-stick-meta":"","header-below-stick-meta":"","astra-migrate-meta-layouts":"set","ast-page-background-enabled":"default","ast-page-background-meta":{"desktop":{"background-color":"","background-image":"","background-repeat":"repeat","background-position":"center center","background-size":"auto","background-attachment":"scroll","background-type":"","background-media":"","overlay-type":"","overlay-color":"","overlay-opacity":"","overlay-gradient":""},"tablet":{"background-color":"","background-image":"","background-repeat":"repeat","background-position":"center center","background-size":"auto","background-attachment":"scroll","background-type":"","background-media":"","overlay-type":"","overlay-color":"","overlay-opacity":"","overlay-gradient":""},"mobile":{"background-color":"","background-image":"","background-repeat":"repeat","background-position":"center center","background-size":"auto","background-attachment":"scroll","background-type":"","background-media":"","overlay-type":"","overlay-color":"","overlay-opacity":"","overlay-gradient":""}},"ast-content-background-meta":{"desktop":{"background-color":"var(--ast-global-color-5)","background-image":"","background-repeat":"repeat","background-position":"center center","background-size":"auto","background-attachment":"scroll","background-type":"","background-media":"","overlay-type":"","overlay-color":"","overlay-opacity":"","overlay-gradient":""},"tablet":{"background-color":"var(--ast-global-color-5)","background-image":"","background-repeat":"repeat","background-position":"center center","background-size":"auto","background-attachment":"scroll","background-type":"","background-media":"","overlay-type":"","overlay-color":"","overlay-opacity":"","overlay-gradient":""},"mobile":{"background-color":"var(--ast-global-color-5)","background-image":"","background-repeat":"repeat","background-position":"center center","background-size":"auto","background-attachment":"scroll","background-type":"","background-media":"","overlay-type":"","overlay-color":"","overlay-opacity":"","overlay-gradient":""}},"footnotes":""},"class_list":["post-24877","page","type-page","status-publish","hentry"],"yoast_head":"<!-- This site is optimized with the Yoast SEO plugin v26.7 - https:\/\/yoast.com\/wordpress\/plugins\/seo\/ -->\n<title>60 perces online konzult\u00e1ci\u00f3 - Fitology<\/title>\n<meta name=\"description\" content=\"Fedezd fel az eg\u00e9szs\u00e9ges \u00e9letm\u00f3d lehet\u0151s\u00e9geit szem\u00e9lyre szabott online konzult\u00e1ci\u00f3 \u00e1ltal! T\u00e1pl\u00e1lkoz\u00e1si \u00e9s edz\u00e9s tan\u00e1csad\u00e1s otthonr\u00f3l.\" \/>\n<meta name=\"robots\" content=\"index, follow, max-snippet:-1, max-image-preview:large, max-video-preview:-1\" \/>\n<link rel=\"canonical\" href=\"https:\/\/fitology.hu\/en\/60-perces-online-konzultacio\/\" \/>\n<meta property=\"og:locale\" content=\"en_GB\" \/>\n<meta property=\"og:type\" content=\"article\" \/>\n<meta property=\"og:title\" content=\"60 perces online konzult\u00e1ci\u00f3 - Fitology\" \/>\n<meta property=\"og:description\" content=\"Fedezd fel az eg\u00e9szs\u00e9ges \u00e9letm\u00f3d lehet\u0151s\u00e9geit szem\u00e9lyre szabott online konzult\u00e1ci\u00f3 \u00e1ltal! T\u00e1pl\u00e1lkoz\u00e1si \u00e9s edz\u00e9s tan\u00e1csad\u00e1s otthonr\u00f3l.\" \/>\n<meta property=\"og:url\" content=\"https:\/\/fitology.hu\/en\/60-perces-online-konzultacio\/\" \/>\n<meta property=\"og:site_name\" content=\"Fitology\" \/>\n<meta property=\"article:publisher\" content=\"https:\/\/www.facebook.com\/DrTeglasTimea\/#\" \/>\n<meta property=\"article:modified_time\" content=\"2024-08-24T07:37:28+00:00\" \/>\n<meta property=\"og:image\" content=\"https:\/\/fitology.hu\/wp-content\/uploads\/2023\/11\/pexels-anna-shvets-4226256-768x512.jpg\" \/>\n<meta name=\"twitter:card\" content=\"summary_large_image\" \/>\n<meta name=\"twitter:label1\" content=\"Estimated reading time\" \/>\n\t<meta name=\"twitter:data1\" content=\"2 minutes\" \/>\n<script type=\"application\/ld+json\" class=\"yoast-schema-graph\">{\"@context\":\"https:\/\/schema.org\",\"@graph\":[{\"@type\":\"WebPage\",\"@id\":\"https:\/\/fitology.hu\/60-perces-online-konzultacio\/\",\"url\":\"https:\/\/fitology.hu\/60-perces-online-konzultacio\/\",\"name\":\"60 perces online konzult\u00e1ci\u00f3 - Fitology\",\"isPartOf\":{\"@id\":\"https:\/\/fitology.hu\/#website\"},\"primaryImageOfPage\":{\"@id\":\"https:\/\/fitology.hu\/60-perces-online-konzultacio\/#primaryimage\"},\"image\":{\"@id\":\"https:\/\/fitology.hu\/60-perces-online-konzultacio\/#primaryimage\"},\"thumbnailUrl\":\"https:\/\/fitology.hu\/wp-content\/uploads\/2023\/11\/pexels-anna-shvets-4226256-768x512.jpg\",\"datePublished\":\"2023-11-09T14:14:24+00:00\",\"dateModified\":\"2024-08-24T07:37:28+00:00\",\"description\":\"Fedezd fel az eg\u00e9szs\u00e9ges \u00e9letm\u00f3d lehet\u0151s\u00e9geit szem\u00e9lyre szabott online konzult\u00e1ci\u00f3 \u00e1ltal! T\u00e1pl\u00e1lkoz\u00e1si \u00e9s edz\u00e9s tan\u00e1csad\u00e1s otthonr\u00f3l.\",\"breadcrumb\":{\"@id\":\"https:\/\/fitology.hu\/60-perces-online-konzultacio\/#breadcrumb\"},\"inLanguage\":\"en-GB\",\"potentialAction\":[{\"@type\":\"ReadAction\",\"target\":[\"https:\/\/fitology.hu\/60-perces-online-konzultacio\/\"]}]},{\"@type\":\"ImageObject\",\"inLanguage\":\"en-GB\",\"@id\":\"https:\/\/fitology.hu\/60-perces-online-konzultacio\/#primaryimage\",\"url\":\"https:\/\/fitology.hu\/wp-content\/uploads\/2023\/11\/pexels-anna-shvets-4226256-768x512.jpg\",\"contentUrl\":\"https:\/\/fitology.hu\/wp-content\/uploads\/2023\/11\/pexels-anna-shvets-4226256-768x512.jpg\"},{\"@type\":\"BreadcrumbList\",\"@id\":\"https:\/\/fitology.hu\/60-perces-online-konzultacio\/#breadcrumb\",\"itemListElement\":[{\"@type\":\"ListItem\",\"position\":1,\"name\":\"Kezd\u0151lap\",\"item\":\"https:\/\/fitology.hu\/\"},{\"@type\":\"ListItem\",\"position\":2,\"name\":\"60 perces online konzult\u00e1ci\u00f3\"}]},{\"@type\":\"WebSite\",\"@id\":\"https:\/\/fitology.hu\/#website\",\"url\":\"https:\/\/fitology.hu\/\",\"name\":\"Fitology\",\"description\":\"by Dr. T\u00edmea T\u00e9gl\u00e1s\",\"publisher\":{\"@id\":\"https:\/\/fitology.hu\/#organization\"},\"potentialAction\":[{\"@type\":\"SearchAction\",\"target\":{\"@type\":\"EntryPoint\",\"urlTemplate\":\"https:\/\/fitology.hu\/?s={search_term_string}\"},\"query-input\":{\"@type\":\"PropertyValueSpecification\",\"valueRequired\":true,\"valueName\":\"search_term_string\"}}],\"inLanguage\":\"en-GB\"},{\"@type\":\"Organization\",\"@id\":\"https:\/\/fitology.hu\/#organization\",\"name\":\"Fitology\",\"url\":\"https:\/\/fitology.hu\/\",\"logo\":{\"@type\":\"ImageObject\",\"inLanguage\":\"en-GB\",\"@id\":\"https:\/\/fitology.hu\/#\/schema\/logo\/image\/\",\"url\":\"https:\/\/fitology.hu\/wp-content\/uploads\/2023\/11\/cropped-2012333E-8284-45BA-982A-ED2881AEC88C.png\",\"contentUrl\":\"https:\/\/fitology.hu\/wp-content\/uploads\/2023\/11\/cropped-2012333E-8284-45BA-982A-ED2881AEC88C.png\",\"width\":512,\"height\":512,\"caption\":\"Fitology\"},\"image\":{\"@id\":\"https:\/\/fitology.hu\/#\/schema\/logo\/image\/\"},\"sameAs\":[\"https:\/\/www.facebook.com\/DrTeglasTimea\/#\"]}]}<\/script>\n<!-- \/ Yoast SEO plugin. -->","yoast_head_json":{"title":"60 perces online konzult\u00e1ci\u00f3 - Fitology","description":"Fedezd fel az eg\u00e9szs\u00e9ges \u00e9letm\u00f3d lehet\u0151s\u00e9geit szem\u00e9lyre szabott online konzult\u00e1ci\u00f3 \u00e1ltal! T\u00e1pl\u00e1lkoz\u00e1si \u00e9s edz\u00e9s tan\u00e1csad\u00e1s otthonr\u00f3l.","robots":{"index":"index","follow":"follow","max-snippet":"max-snippet:-1","max-image-preview":"max-image-preview:large","max-video-preview":"max-video-preview:-1"},"canonical":"https:\/\/fitology.hu\/en\/60-perces-online-konzultacio\/","og_locale":"en_GB","og_type":"article","og_title":"60 perces online konzult\u00e1ci\u00f3 - Fitology","og_description":"Fedezd fel az eg\u00e9szs\u00e9ges \u00e9letm\u00f3d lehet\u0151s\u00e9geit szem\u00e9lyre szabott online konzult\u00e1ci\u00f3 \u00e1ltal! T\u00e1pl\u00e1lkoz\u00e1si \u00e9s edz\u00e9s tan\u00e1csad\u00e1s otthonr\u00f3l.","og_url":"https:\/\/fitology.hu\/en\/60-perces-online-konzultacio\/","og_site_name":"Fitology","article_publisher":"https:\/\/www.facebook.com\/DrTeglasTimea\/#","article_modified_time":"2024-08-24T07:37:28+00:00","og_image":[{"url":"https:\/\/fitology.hu\/wp-content\/uploads\/2023\/11\/pexels-anna-shvets-4226256-768x512.jpg","type":"","width":"","height":""}],"twitter_card":"summary_large_image","twitter_misc":{"Estimated reading time":"2 minutes"},"schema":{"@context":"https:\/\/schema.org","@graph":[{"@type":"WebPage","@id":"https:\/\/fitology.hu\/60-perces-online-konzultacio\/","url":"https:\/\/fitology.hu\/60-perces-online-konzultacio\/","name":"60 perces online konzult\u00e1ci\u00f3 - Fitology","isPartOf":{"@id":"https:\/\/fitology.hu\/#website"},"primaryImageOfPage":{"@id":"https:\/\/fitology.hu\/60-perces-online-konzultacio\/#primaryimage"},"image":{"@id":"https:\/\/fitology.hu\/60-perces-online-konzultacio\/#primaryimage"},"thumbnailUrl":"https:\/\/fitology.hu\/wp-content\/uploads\/2023\/11\/pexels-anna-shvets-4226256-768x512.jpg","datePublished":"2023-11-09T14:14:24+00:00","dateModified":"2024-08-24T07:37:28+00:00","description":"Fedezd fel az eg\u00e9szs\u00e9ges \u00e9letm\u00f3d lehet\u0151s\u00e9geit szem\u00e9lyre szabott online konzult\u00e1ci\u00f3 \u00e1ltal! T\u00e1pl\u00e1lkoz\u00e1si \u00e9s edz\u00e9s tan\u00e1csad\u00e1s otthonr\u00f3l.","breadcrumb":{"@id":"https:\/\/fitology.hu\/60-perces-online-konzultacio\/#breadcrumb"},"inLanguage":"en-GB","potentialAction":[{"@type":"ReadAction","target":["https:\/\/fitology.hu\/60-perces-online-konzultacio\/"]}]},{"@type":"ImageObject","inLanguage":"en-GB","@id":"https:\/\/fitology.hu\/60-perces-online-konzultacio\/#primaryimage","url":"https:\/\/fitology.hu\/wp-content\/uploads\/2023\/11\/pexels-anna-shvets-4226256-768x512.jpg","contentUrl":"https:\/\/fitology.hu\/wp-content\/uploads\/2023\/11\/pexels-anna-shvets-4226256-768x512.jpg"},{"@type":"BreadcrumbList","@id":"https:\/\/fitology.hu\/60-perces-online-konzultacio\/#breadcrumb","itemListElement":[{"@type":"ListItem","position":1,"name":"Kezd\u0151lap","item":"https:\/\/fitology.hu\/"},{"@type":"ListItem","position":2,"name":"60 perces online konzult\u00e1ci\u00f3"}]},{"@type":"WebSite","@id":"https:\/\/fitology.hu\/#website","url":"https:\/\/fitology.hu\/","name":"Fitology","description":"by Dr. T\u00edmea T\u00e9gl\u00e1s","publisher":{"@id":"https:\/\/fitology.hu\/#organization"},"potentialAction":[{"@type":"SearchAction","target":{"@type":"EntryPoint","urlTemplate":"https:\/\/fitology.hu\/?s={search_term_string}"},"query-input":{"@type":"PropertyValueSpecification","valueRequired":true,"valueName":"search_term_string"}}],"inLanguage":"en-GB"},{"@type":"Organization","@id":"https:\/\/fitology.hu\/#organization","name":"Fitology","url":"https:\/\/fitology.hu\/","logo":{"@type":"ImageObject","inLanguage":"en-GB","@id":"https:\/\/fitology.hu\/#\/schema\/logo\/image\/","url":"https:\/\/fitology.hu\/wp-content\/uploads\/2023\/11\/cropped-2012333E-8284-45BA-982A-ED2881AEC88C.png","contentUrl":"https:\/\/fitology.hu\/wp-content\/uploads\/2023\/11\/cropped-2012333E-8284-45BA-982A-ED2881AEC88C.png","width":512,"height":512,"caption":"Fitology"},"image":{"@id":"https:\/\/fitology.hu\/#\/schema\/logo\/image\/"},"sameAs":["https:\/\/www.facebook.com\/DrTeglasTimea\/#"]}]}},"_links":{"self":[{"href":"https:\/\/fitology.hu\/en\/wp-json\/wp\/v2\/pages\/24877","targetHints":{"allow":["GET"]}}],"collection":[{"href":"https:\/\/fitology.hu\/en\/wp-json\/wp\/v2\/pages"}],"about":[{"href":"https:\/\/fitology.hu\/en\/wp-json\/wp\/v2\/types\/page"}],"author":[{"embeddable":true,"href":"https:\/\/fitology.hu\/en\/wp-json\/wp\/v2\/users\/1"}],"replies":[{"embeddable":true,"href":"https:\/\/fitology.hu\/en\/wp-json\/wp\/v2\/comments?post=24877"}],"version-history":[{"count":0,"href":"https:\/\/fitology.hu\/en\/wp-json\/wp\/v2\/pages\/24877\/revisions"}],"wp:attachment":[{"href":"https:\/\/fitology.hu\/en\/wp-json\/wp\/v2\/media?parent=24877"}],"curies":[{"name":"wp","href":"https:\/\/api.w.org\/{rel}","templated":true}]}}