{"id":25888,"date":"2024-08-24T09:51:22","date_gmt":"2024-08-24T07:51:22","guid":{"rendered":"https:\/\/fitology.hu\/?page_id=25888"},"modified":"2024-08-24T11:07:32","modified_gmt":"2024-08-24T09:07:32","slug":"kosar","status":"publish","type":"page","link":"https:\/\/fitology.hu\/en\/kosar\/","title":{"rendered":"Kos\u00e1r"},"content":{"rendered":"","protected":false},"excerpt":{"rendered":"","protected":false},"author":1,"featured_media":0,"parent":0,"menu_order":0,"comment_status":"closed","ping_status":"closed","template":"","meta":{"_monsterinsights_skip_tracking":false,"_monsterinsights_sitenote_active":false,"_monsterinsights_sitenote_note":"","_monsterinsights_sitenote_category":0,"site-sidebar-layout":"default","site-content-layout":"","ast-site-content-layout":"default","site-content-style":"default","site-sidebar-style":"default","ast-global-header-display":"","ast-banner-title-visibility":"","ast-main-header-display":"","ast-hfb-above-header-display":"","ast-hfb-below-header-display":"","ast-hfb-mobile-header-display":"","site-post-title":"","ast-breadcrumbs-content":"","ast-featured-img":"","footer-sml-layout":"","ast-disable-related-posts":"","theme-transparent-header-meta":"","adv-header-id-meta":"","stick-header-meta":"","header-above-stick-meta":"","header-main-stick-meta":"","header-below-stick-meta":"","astra-migrate-meta-layouts":"set","ast-page-background-enabled":"default","ast-page-background-meta":{"desktop":{"background-color":"","background-image":"","background-repeat":"repeat","background-position":"center center","background-size":"auto","background-attachment":"scroll","background-type":"","background-media":"","overlay-type":"","overlay-color":"","overlay-opacity":"","overlay-gradient":""},"tablet":{"background-color":"","background-image":"","background-repeat":"repeat","background-position":"center center","background-size":"auto","background-attachment":"scroll","background-type":"","background-media":"","overlay-type":"","overlay-color":"","overlay-opacity":"","overlay-gradient":""},"mobile":{"background-color":"","background-image":"","background-repeat":"repeat","background-position":"center center","background-size":"auto","background-attachment":"scroll","background-type":"","background-media":"","overlay-type":"","overlay-color":"","overlay-opacity":"","overlay-gradient":""}},"ast-content-background-meta":{"desktop":{"background-color":"var(--ast-global-color-5)","background-image":"","background-repeat":"repeat","background-position":"center center","background-size":"auto","background-attachment":"scroll","background-type":"","background-media":"","overlay-type":"","overlay-color":"","overlay-opacity":"","overlay-gradient":""},"tablet":{"background-color":"var(--ast-global-color-5)","background-image":"","background-repeat":"repeat","background-position":"center center","background-size":"auto","background-attachment":"scroll","background-type":"","background-media":"","overlay-type":"","overlay-color":"","overlay-opacity":"","overlay-gradient":""},"mobile":{"background-color":"var(--ast-global-color-5)","background-image":"","background-repeat":"repeat","background-position":"center center","background-size":"auto","background-attachment":"scroll","background-type":"","background-media":"","overlay-type":"","overlay-color":"","overlay-opacity":"","overlay-gradient":""}},"footnotes":""},"class_list":["post-25888","page","type-page","status-publish","hentry"],"yoast_head":"<!-- This site is optimized with the Yoast SEO plugin v26.7 - https:\/\/yoast.com\/wordpress\/plugins\/seo\/ -->\n<title>Kos\u00e1r - Fitology<\/title>\n<meta name=\"robots\" content=\"noindex, nofollow\" \/>\n<meta property=\"og:locale\" content=\"en_GB\" \/>\n<meta property=\"og:type\" content=\"article\" \/>\n<meta property=\"og:title\" content=\"Kos\u00e1r - Fitology\" \/>\n<meta property=\"og:url\" content=\"https:\/\/fitology.hu\/en\/kosar\/\" \/>\n<meta property=\"og:site_name\" content=\"Fitology\" \/>\n<meta property=\"article:publisher\" content=\"https:\/\/www.facebook.com\/DrTeglasTimea\/#\" \/>\n<meta property=\"article:modified_time\" content=\"2024-08-24T09:07:32+00:00\" \/>\n<meta name=\"twitter:card\" content=\"summary_large_image\" \/>\n<meta name=\"twitter:label1\" content=\"Estimated reading time\" \/>\n\t<meta name=\"twitter:data1\" content=\"1 minute\" \/>\n<script type=\"application\/ld+json\" class=\"yoast-schema-graph\">{\"@context\":\"https:\/\/schema.org\",\"@graph\":[{\"@type\":\"WebPage\",\"@id\":\"https:\/\/fitology.hu\/kosar\/\",\"url\":\"https:\/\/fitology.hu\/kosar\/\",\"name\":\"Kos\u00e1r - Fitology\",\"isPartOf\":{\"@id\":\"https:\/\/fitology.hu\/#website\"},\"datePublished\":\"2024-08-24T07:51:22+00:00\",\"dateModified\":\"2024-08-24T09:07:32+00:00\",\"breadcrumb\":{\"@id\":\"https:\/\/fitology.hu\/kosar\/#breadcrumb\"},\"inLanguage\":\"en-GB\",\"potentialAction\":[{\"@type\":\"ReadAction\",\"target\":[\"https:\/\/fitology.hu\/kosar\/\"]}]},{\"@type\":\"BreadcrumbList\",\"@id\":\"https:\/\/fitology.hu\/kosar\/#breadcrumb\",\"itemListElement\":[{\"@type\":\"ListItem\",\"position\":1,\"name\":\"Kezd\u0151lap\",\"item\":\"https:\/\/fitology.hu\/\"},{\"@type\":\"ListItem\",\"position\":2,\"name\":\"Kos\u00e1r\"}]},{\"@type\":\"WebSite\",\"@id\":\"https:\/\/fitology.hu\/#website\",\"url\":\"https:\/\/fitology.hu\/\",\"name\":\"Fitology\",\"description\":\"by Dr. T\u00edmea T\u00e9gl\u00e1s\",\"publisher\":{\"@id\":\"https:\/\/fitology.hu\/#organization\"},\"potentialAction\":[{\"@type\":\"SearchAction\",\"target\":{\"@type\":\"EntryPoint\",\"urlTemplate\":\"https:\/\/fitology.hu\/?s={search_term_string}\"},\"query-input\":{\"@type\":\"PropertyValueSpecification\",\"valueRequired\":true,\"valueName\":\"search_term_string\"}}],\"inLanguage\":\"en-GB\"},{\"@type\":\"Organization\",\"@id\":\"https:\/\/fitology.hu\/#organization\",\"name\":\"Fitology\",\"url\":\"https:\/\/fitology.hu\/\",\"logo\":{\"@type\":\"ImageObject\",\"inLanguage\":\"en-GB\",\"@id\":\"https:\/\/fitology.hu\/#\/schema\/logo\/image\/\",\"url\":\"https:\/\/fitology.hu\/wp-content\/uploads\/2023\/11\/cropped-2012333E-8284-45BA-982A-ED2881AEC88C.png\",\"contentUrl\":\"https:\/\/fitology.hu\/wp-content\/uploads\/2023\/11\/cropped-2012333E-8284-45BA-982A-ED2881AEC88C.png\",\"width\":512,\"height\":512,\"caption\":\"Fitology\"},\"image\":{\"@id\":\"https:\/\/fitology.hu\/#\/schema\/logo\/image\/\"},\"sameAs\":[\"https:\/\/www.facebook.com\/DrTeglasTimea\/#\"]}]}<\/script>\n<!-- \/ Yoast SEO plugin. -->","yoast_head_json":{"title":"Kos\u00e1r - Fitology","robots":{"index":"noindex","follow":"nofollow"},"og_locale":"en_GB","og_type":"article","og_title":"Kos\u00e1r - Fitology","og_url":"https:\/\/fitology.hu\/en\/kosar\/","og_site_name":"Fitology","article_publisher":"https:\/\/www.facebook.com\/DrTeglasTimea\/#","article_modified_time":"2024-08-24T09:07:32+00:00","twitter_card":"summary_large_image","twitter_misc":{"Estimated reading time":"1 minute"},"schema":{"@context":"https:\/\/schema.org","@graph":[{"@type":"WebPage","@id":"https:\/\/fitology.hu\/kosar\/","url":"https:\/\/fitology.hu\/kosar\/","name":"Kos\u00e1r - Fitology","isPartOf":{"@id":"https:\/\/fitology.hu\/#website"},"datePublished":"2024-08-24T07:51:22+00:00","dateModified":"2024-08-24T09:07:32+00:00","breadcrumb":{"@id":"https:\/\/fitology.hu\/kosar\/#breadcrumb"},"inLanguage":"en-GB","potentialAction":[{"@type":"ReadAction","target":["https:\/\/fitology.hu\/kosar\/"]}]},{"@type":"BreadcrumbList","@id":"https:\/\/fitology.hu\/kosar\/#breadcrumb","itemListElement":[{"@type":"ListItem","position":1,"name":"Kezd\u0151lap","item":"https:\/\/fitology.hu\/"},{"@type":"ListItem","position":2,"name":"Kos\u00e1r"}]},{"@type":"WebSite","@id":"https:\/\/fitology.hu\/#website","url":"https:\/\/fitology.hu\/","name":"Fitology","description":"by Dr. T\u00edmea T\u00e9gl\u00e1s","publisher":{"@id":"https:\/\/fitology.hu\/#organization"},"potentialAction":[{"@type":"SearchAction","target":{"@type":"EntryPoint","urlTemplate":"https:\/\/fitology.hu\/?s={search_term_string}"},"query-input":{"@type":"PropertyValueSpecification","valueRequired":true,"valueName":"search_term_string"}}],"inLanguage":"en-GB"},{"@type":"Organization","@id":"https:\/\/fitology.hu\/#organization","name":"Fitology","url":"https:\/\/fitology.hu\/","logo":{"@type":"ImageObject","inLanguage":"en-GB","@id":"https:\/\/fitology.hu\/#\/schema\/logo\/image\/","url":"https:\/\/fitology.hu\/wp-content\/uploads\/2023\/11\/cropped-2012333E-8284-45BA-982A-ED2881AEC88C.png","contentUrl":"https:\/\/fitology.hu\/wp-content\/uploads\/2023\/11\/cropped-2012333E-8284-45BA-982A-ED2881AEC88C.png","width":512,"height":512,"caption":"Fitology"},"image":{"@id":"https:\/\/fitology.hu\/#\/schema\/logo\/image\/"},"sameAs":["https:\/\/www.facebook.com\/DrTeglasTimea\/#"]}]}},"_links":{"self":[{"href":"https:\/\/fitology.hu\/en\/wp-json\/wp\/v2\/pages\/25888","targetHints":{"allow":["GET"]}}],"collection":[{"href":"https:\/\/fitology.hu\/en\/wp-json\/wp\/v2\/pages"}],"about":[{"href":"https:\/\/fitology.hu\/en\/wp-json\/wp\/v2\/types\/page"}],"author":[{"embeddable":true,"href":"https:\/\/fitology.hu\/en\/wp-json\/wp\/v2\/users\/1"}],"replies":[{"embeddable":true,"href":"https:\/\/fitology.hu\/en\/wp-json\/wp\/v2\/comments?post=25888"}],"version-history":[{"count":0,"href":"https:\/\/fitology.hu\/en\/wp-json\/wp\/v2\/pages\/25888\/revisions"}],"wp:attachment":[{"href":"https:\/\/fitology.hu\/en\/wp-json\/wp\/v2\/media?parent=25888"}],"curies":[{"name":"wp","href":"https:\/\/api.w.org\/{rel}","templated":true}]}}