{"id":25918,"date":"2024-08-24T10:17:21","date_gmt":"2024-08-24T08:17:21","guid":{"rendered":"https:\/\/fitology.hu\/?page_id=25918"},"modified":"2024-08-24T11:07:18","modified_gmt":"2024-08-24T09:07:18","slug":"aszf","status":"publish","type":"page","link":"https:\/\/fitology.hu\/en\/aszf\/","title":{"rendered":"\u00c1SZF"},"content":{"rendered":"<div data-elementor-type=\"wp-page\" data-elementor-id=\"25918\" class=\"elementor elementor-25918\">\n\t\t\t\t<div class=\"elementor-element elementor-element-b4d69c3 e-flex e-con-boxed e-con e-parent\" data-id=\"b4d69c3\" data-element_type=\"container\">\n\t\t\t\t\t<div class=\"e-con-inner\">\n\t\t\t\t<div class=\"elementor-element elementor-element-50422a3 elementor-widget elementor-widget-heading\" data-id=\"50422a3\" data-element_type=\"widget\" data-widget_type=\"heading.default\">\n\t\t\t\t<div class=\"elementor-widget-container\">\n\t\t\t\t\t<h1 class=\"elementor-heading-title elementor-size-default\">\u00c1ltal\u00e1nos szerz\u0151d\u00e9si felt\u00e9telek<\/h1>\t\t\t\t<\/div>\n\t\t\t\t<\/div>\n\t\t\t\t\t<\/div>\n\t\t\t\t<\/div>\n\t\t<div class=\"elementor-element elementor-element-af2efe0 e-flex e-con-boxed e-con e-parent\" data-id=\"af2efe0\" data-element_type=\"container\">\n\t\t\t\t\t<div class=\"e-con-inner\">\n\t\t\t\t<div class=\"elementor-element elementor-element-8cc6dbe elementor-widget elementor-widget-html\" data-id=\"8cc6dbe\" data-element_type=\"widget\" data-widget_type=\"html.default\">\n\t\t\t\t<div class=\"elementor-widget-container\">\n\t\t\t\t\t<script id=\"barat_script\">var st = document.createElement(\"script\");st.src = \"\/\/admin.fogyasztobarat.hu\/e-api.js\";st.type = \"text\/javascript\";st.setAttribute(\"data-id\", \"B2BQRLOT\");st.setAttribute(\"id\", \"fbarat-embed\");st.setAttribute(\"data-type\", \"s_aszf\");var s = document.getElementById(\"barat_script\");s.parentNode.insertBefore(st, s);<\/script>\t\t\t\t<\/div>\n\t\t\t\t<\/div>\n\t\t\t\t\t<\/div>\n\t\t\t\t<\/div>\n\t\t\t\t<\/div>","protected":false},"excerpt":{"rendered":"<p>\u00c1ltal\u00e1nos szerz\u0151d\u00e9si felt\u00e9telek<\/p>","protected":false},"author":1,"featured_media":0,"parent":0,"menu_order":0,"comment_status":"closed","ping_status":"closed","template":"","meta":{"_monsterinsights_skip_tracking":false,"_monsterinsights_sitenote_active":false,"_monsterinsights_sitenote_note":"","_monsterinsights_sitenote_category":0,"site-sidebar-layout":"no-sidebar","site-content-layout":"page-builder","ast-site-content-layout":"full-width-container","site-content-style":"default","site-sidebar-style":"default","ast-global-header-display":"","ast-banner-title-visibility":"","ast-main-header-display":"","ast-hfb-above-header-display":"","ast-hfb-below-header-display":"","ast-hfb-mobile-header-display":"","site-post-title":"disabled","ast-breadcrumbs-content":"","ast-featured-img":"disabled","footer-sml-layout":"","ast-disable-related-posts":"","theme-transparent-header-meta":"","adv-header-id-meta":"","stick-header-meta":"","header-above-stick-meta":"","header-main-stick-meta":"","header-below-stick-meta":"","astra-migrate-meta-layouts":"set","ast-page-background-enabled":"default","ast-page-background-meta":{"desktop":{"background-color":"","background-image":"","background-repeat":"repeat","background-position":"center center","background-size":"auto","background-attachment":"scroll","background-type":"","background-media":"","overlay-type":"","overlay-color":"","overlay-opacity":"","overlay-gradient":""},"tablet":{"background-color":"","background-image":"","background-repeat":"repeat","background-position":"center center","background-size":"auto","background-attachment":"scroll","background-type":"","background-media":"","overlay-type":"","overlay-color":"","overlay-opacity":"","overlay-gradient":""},"mobile":{"background-color":"","background-image":"","background-repeat":"repeat","background-position":"center center","background-size":"auto","background-attachment":"scroll","background-type":"","background-media":"","overlay-type":"","overlay-color":"","overlay-opacity":"","overlay-gradient":""}},"ast-content-background-meta":{"desktop":{"background-color":"var(--ast-global-color-5)","background-image":"","background-repeat":"repeat","background-position":"center center","background-size":"auto","background-attachment":"scroll","background-type":"","background-media":"","overlay-type":"","overlay-color":"","overlay-opacity":"","overlay-gradient":""},"tablet":{"background-color":"var(--ast-global-color-5)","background-image":"","background-repeat":"repeat","background-position":"center center","background-size":"auto","background-attachment":"scroll","background-type":"","background-media":"","overlay-type":"","overlay-color":"","overlay-opacity":"","overlay-gradient":""},"mobile":{"background-color":"var(--ast-global-color-5)","background-image":"","background-repeat":"repeat","background-position":"center center","background-size":"auto","background-attachment":"scroll","background-type":"","background-media":"","overlay-type":"","overlay-color":"","overlay-opacity":"","overlay-gradient":""}},"footnotes":""},"class_list":["post-25918","page","type-page","status-publish","hentry"],"yoast_head":"<!-- This site is optimized with the Yoast SEO plugin v26.7 - https:\/\/yoast.com\/wordpress\/plugins\/seo\/ -->\n<title>\u00c1SZF - Fitology<\/title>\n<meta name=\"robots\" content=\"noindex, nofollow\" \/>\n<meta property=\"og:locale\" content=\"en_GB\" \/>\n<meta property=\"og:type\" content=\"article\" \/>\n<meta property=\"og:title\" content=\"\u00c1SZF - Fitology\" \/>\n<meta property=\"og:description\" content=\"\u00c1ltal\u00e1nos szerz\u0151d\u00e9si felt\u00e9telek\" \/>\n<meta property=\"og:url\" content=\"https:\/\/fitology.hu\/en\/aszf\/\" \/>\n<meta property=\"og:site_name\" content=\"Fitology\" \/>\n<meta property=\"article:publisher\" content=\"https:\/\/www.facebook.com\/DrTeglasTimea\/#\" \/>\n<meta property=\"article:modified_time\" content=\"2024-08-24T09:07:18+00:00\" \/>\n<meta name=\"twitter:card\" content=\"summary_large_image\" \/>\n<meta name=\"twitter:label1\" content=\"Estimated reading time\" \/>\n\t<meta name=\"twitter:data1\" content=\"1 minute\" \/>\n<script type=\"application\/ld+json\" class=\"yoast-schema-graph\">{\"@context\":\"https:\/\/schema.org\",\"@graph\":[{\"@type\":\"WebPage\",\"@id\":\"https:\/\/fitology.hu\/aszf\/\",\"url\":\"https:\/\/fitology.hu\/aszf\/\",\"name\":\"\u00c1SZF - Fitology\",\"isPartOf\":{\"@id\":\"https:\/\/fitology.hu\/#website\"},\"datePublished\":\"2024-08-24T08:17:21+00:00\",\"dateModified\":\"2024-08-24T09:07:18+00:00\",\"breadcrumb\":{\"@id\":\"https:\/\/fitology.hu\/aszf\/#breadcrumb\"},\"inLanguage\":\"en-GB\",\"potentialAction\":[{\"@type\":\"ReadAction\",\"target\":[\"https:\/\/fitology.hu\/aszf\/\"]}]},{\"@type\":\"BreadcrumbList\",\"@id\":\"https:\/\/fitology.hu\/aszf\/#breadcrumb\",\"itemListElement\":[{\"@type\":\"ListItem\",\"position\":1,\"name\":\"Kezd\u0151lap\",\"item\":\"https:\/\/fitology.hu\/\"},{\"@type\":\"ListItem\",\"position\":2,\"name\":\"\u00c1SZF\"}]},{\"@type\":\"WebSite\",\"@id\":\"https:\/\/fitology.hu\/#website\",\"url\":\"https:\/\/fitology.hu\/\",\"name\":\"Fitology\",\"description\":\"by Dr. T\u00edmea T\u00e9gl\u00e1s\",\"publisher\":{\"@id\":\"https:\/\/fitology.hu\/#organization\"},\"potentialAction\":[{\"@type\":\"SearchAction\",\"target\":{\"@type\":\"EntryPoint\",\"urlTemplate\":\"https:\/\/fitology.hu\/?s={search_term_string}\"},\"query-input\":{\"@type\":\"PropertyValueSpecification\",\"valueRequired\":true,\"valueName\":\"search_term_string\"}}],\"inLanguage\":\"en-GB\"},{\"@type\":\"Organization\",\"@id\":\"https:\/\/fitology.hu\/#organization\",\"name\":\"Fitology\",\"url\":\"https:\/\/fitology.hu\/\",\"logo\":{\"@type\":\"ImageObject\",\"inLanguage\":\"en-GB\",\"@id\":\"https:\/\/fitology.hu\/#\/schema\/logo\/image\/\",\"url\":\"https:\/\/fitology.hu\/wp-content\/uploads\/2023\/11\/cropped-2012333E-8284-45BA-982A-ED2881AEC88C.png\",\"contentUrl\":\"https:\/\/fitology.hu\/wp-content\/uploads\/2023\/11\/cropped-2012333E-8284-45BA-982A-ED2881AEC88C.png\",\"width\":512,\"height\":512,\"caption\":\"Fitology\"},\"image\":{\"@id\":\"https:\/\/fitology.hu\/#\/schema\/logo\/image\/\"},\"sameAs\":[\"https:\/\/www.facebook.com\/DrTeglasTimea\/#\"]}]}<\/script>\n<!-- \/ Yoast SEO plugin. -->","yoast_head_json":{"title":"\u00c1SZF - Fitology","robots":{"index":"noindex","follow":"nofollow"},"og_locale":"en_GB","og_type":"article","og_title":"\u00c1SZF - Fitology","og_description":"\u00c1ltal\u00e1nos szerz\u0151d\u00e9si felt\u00e9telek","og_url":"https:\/\/fitology.hu\/en\/aszf\/","og_site_name":"Fitology","article_publisher":"https:\/\/www.facebook.com\/DrTeglasTimea\/#","article_modified_time":"2024-08-24T09:07:18+00:00","twitter_card":"summary_large_image","twitter_misc":{"Estimated reading time":"1 minute"},"schema":{"@context":"https:\/\/schema.org","@graph":[{"@type":"WebPage","@id":"https:\/\/fitology.hu\/aszf\/","url":"https:\/\/fitology.hu\/aszf\/","name":"\u00c1SZF - Fitology","isPartOf":{"@id":"https:\/\/fitology.hu\/#website"},"datePublished":"2024-08-24T08:17:21+00:00","dateModified":"2024-08-24T09:07:18+00:00","breadcrumb":{"@id":"https:\/\/fitology.hu\/aszf\/#breadcrumb"},"inLanguage":"en-GB","potentialAction":[{"@type":"ReadAction","target":["https:\/\/fitology.hu\/aszf\/"]}]},{"@type":"BreadcrumbList","@id":"https:\/\/fitology.hu\/aszf\/#breadcrumb","itemListElement":[{"@type":"ListItem","position":1,"name":"Kezd\u0151lap","item":"https:\/\/fitology.hu\/"},{"@type":"ListItem","position":2,"name":"\u00c1SZF"}]},{"@type":"WebSite","@id":"https:\/\/fitology.hu\/#website","url":"https:\/\/fitology.hu\/","name":"Fitology","description":"by Dr. T\u00edmea T\u00e9gl\u00e1s","publisher":{"@id":"https:\/\/fitology.hu\/#organization"},"potentialAction":[{"@type":"SearchAction","target":{"@type":"EntryPoint","urlTemplate":"https:\/\/fitology.hu\/?s={search_term_string}"},"query-input":{"@type":"PropertyValueSpecification","valueRequired":true,"valueName":"search_term_string"}}],"inLanguage":"en-GB"},{"@type":"Organization","@id":"https:\/\/fitology.hu\/#organization","name":"Fitology","url":"https:\/\/fitology.hu\/","logo":{"@type":"ImageObject","inLanguage":"en-GB","@id":"https:\/\/fitology.hu\/#\/schema\/logo\/image\/","url":"https:\/\/fitology.hu\/wp-content\/uploads\/2023\/11\/cropped-2012333E-8284-45BA-982A-ED2881AEC88C.png","contentUrl":"https:\/\/fitology.hu\/wp-content\/uploads\/2023\/11\/cropped-2012333E-8284-45BA-982A-ED2881AEC88C.png","width":512,"height":512,"caption":"Fitology"},"image":{"@id":"https:\/\/fitology.hu\/#\/schema\/logo\/image\/"},"sameAs":["https:\/\/www.facebook.com\/DrTeglasTimea\/#"]}]}},"_links":{"self":[{"href":"https:\/\/fitology.hu\/en\/wp-json\/wp\/v2\/pages\/25918","targetHints":{"allow":["GET"]}}],"collection":[{"href":"https:\/\/fitology.hu\/en\/wp-json\/wp\/v2\/pages"}],"about":[{"href":"https:\/\/fitology.hu\/en\/wp-json\/wp\/v2\/types\/page"}],"author":[{"embeddable":true,"href":"https:\/\/fitology.hu\/en\/wp-json\/wp\/v2\/users\/1"}],"replies":[{"embeddable":true,"href":"https:\/\/fitology.hu\/en\/wp-json\/wp\/v2\/comments?post=25918"}],"version-history":[{"count":0,"href":"https:\/\/fitology.hu\/en\/wp-json\/wp\/v2\/pages\/25918\/revisions"}],"wp:attachment":[{"href":"https:\/\/fitology.hu\/en\/wp-json\/wp\/v2\/media?parent=25918"}],"curies":[{"name":"wp","href":"https:\/\/api.w.org\/{rel}","templated":true}]}}