{"id":26227,"date":"2025-01-16T09:35:39","date_gmt":"2025-01-16T08:35:39","guid":{"rendered":"https:\/\/fitology.hu\/?page_id=26227"},"modified":"2025-01-16T11:28:16","modified_gmt":"2025-01-16T10:28:16","slug":"hirek-blog","status":"publish","type":"page","link":"https:\/\/fitology.hu\/en\/hirek-blog\/","title":{"rendered":"H\u00edrek, blog"},"content":{"rendered":"<div data-elementor-type=\"wp-page\" data-elementor-id=\"26227\" class=\"elementor elementor-26227\">\n\t\t\t\t<div class=\"elementor-element elementor-element-8e7e763 e-flex e-con-boxed e-con e-parent\" data-id=\"8e7e763\" data-element_type=\"container\">\n\t\t\t\t\t<div class=\"e-con-inner\">\n\t\t\t\t<div class=\"elementor-element elementor-element-e4883a4 elementor-widget elementor-widget-heading\" data-id=\"e4883a4\" data-element_type=\"widget\" data-widget_type=\"heading.default\">\n\t\t\t\t<div class=\"elementor-widget-container\">\n\t\t\t\t\t<h2 class=\"elementor-heading-title elementor-size-default\">Hello 2025!<\/h2>\t\t\t\t<\/div>\n\t\t\t\t<\/div>\n\t\t\t\t\t<\/div>\n\t\t\t\t<\/div>\n\t\t<div class=\"elementor-element elementor-element-b7e36c8 e-flex e-con-boxed e-con e-parent\" data-id=\"b7e36c8\" data-element_type=\"container\">\n\t\t\t\t\t<div class=\"e-con-inner\">\n\t\t\t\t<div class=\"elementor-element elementor-element-14d302f elementor-widget elementor-widget-spacer\" data-id=\"14d302f\" data-element_type=\"widget\" data-widget_type=\"spacer.default\">\n\t\t\t\t<div class=\"elementor-widget-container\">\n\t\t\t\t\t\t\t<div class=\"elementor-spacer\">\n\t\t\t<div class=\"elementor-spacer-inner\"><\/div>\n\t\t<\/div>\n\t\t\t\t\t\t<\/div>\n\t\t\t\t<\/div>\n\t\t\t\t<div class=\"elementor-element elementor-element-1b935a4 elementor-widget elementor-widget-text-editor\" data-id=\"1b935a4\" data-element_type=\"widget\" data-widget_type=\"text-editor.default\">\n\t\t\t\t<div class=\"elementor-widget-container\">\n\t\t\t\t\t\t\t\t\t<h4 class=\"cvGsUA direction-ltr align-start para-style-body\"><span class=\"OYPEnA font-feature-liga-off font-feature-clig-off font-feature-calt-off text-decoration-none text-strikethrough-none\">Ahogyan azt a k\u00f6z\u00f6ss\u00e9gi m\u00e9dia fel\u00fcleteimen t\u00f6bbsz\u00f6r jeleztem, janu\u00e1rt\u00f3l \u00faj \u00e1rakat l\u00e1thatsz egyes szolg\u00e1ltat\u00e1sokn\u00e1l.<\/span><\/h4><h4 class=\"cvGsUA direction-ltr align-start para-style-body\"><span class=\"OYPEnA font-feature-liga-off font-feature-clig-off font-feature-calt-off text-decoration-none text-strikethrough-none\">B\u00e1rmennyire is hihetetlen, <\/span><span class=\"OYPEnA font-feature-liga-off font-feature-clig-off font-feature-calt-off text-decoration-none text-strikethrough-none\">\u00e9n nem csak az \u00e1rakat, de a <\/span><span class=\"OYPEnA font-feature-liga-off font-feature-clig-off font-feature-calt-off text-decoration-none text-strikethrough-none\">szolg\u00e1ltat\u00e1saim min\u0151s\u00e9g\u00e9t<\/span><span class=\"OYPEnA font-feature-liga-off font-feature-clig-off font-feature-calt-off text-decoration-none text-strikethrough-none\"> is emelem, <\/span><span class=\"OYPEnA font-feature-liga-off font-feature-clig-off font-feature-calt-off text-decoration-none text-strikethrough-none\">ez pedig ebben az esetben azt jelenti, hogy <\/span><span class=\"OYPEnA font-feature-liga-off font-feature-clig-off font-feature-calt-off text-decoration-none text-strikethrough-none\">\u00faj extr\u00e1kkal<\/span><span class=\"OYPEnA font-feature-liga-off font-feature-clig-off font-feature-calt-off text-decoration-none text-strikethrough-none\"> b\u0151v\u00fcltek a programok:<\/span><\/h4><div>\u00a0<\/div><p class=\"cvGsUA direction-ltr align-start para-style-body\"><span style=\"text-decoration: underline;\"><span class=\"OYPEnA font-feature-liga-off font-feature-clig-off font-feature-calt-off text-decoration-none text-strikethrough-none\">T\u00e1pl\u00e1lkoz\u00e1si\/Sportt\u00e1pl\u00e1lkoz\u00e1si \u00e9s a Komplex <\/span><span class=\"OYPEnA font-feature-liga-off font-feature-clig-off font-feature-calt-off text-decoration-none text-strikethrough-none\">2 in 1 program:<\/span><\/span><\/p><ul><li><p><span class=\"OYPEnA font-feature-liga-off font-feature-clig-off font-feature-calt-off text-decoration-none text-strikethrough-none\">a program b\u0151v\u00fclt egy <\/span><span class=\"OYPEnA font-feature-liga-off font-feature-clig-off font-feature-calt-off text-decoration-none text-strikethrough-none\">ut\u00e1nk\u00f6vet\u0151<\/span><span class=\"OYPEnA font-feature-liga-off font-feature-clig-off font-feature-calt-off text-decoration-none text-strikethrough-none\">, program v\u00e9gi online (30 perces) konzult\u00e1ci\u00f3val<\/span><\/p><\/li><li><p><span class=\"OYPEnA font-feature-liga-off font-feature-clig-off font-feature-calt-off text-decoration-none text-strikethrough-none\">a 4 hetes t\u00e1pl\u00e1lkoz\u00e1si program tartalmazza a <\/span><span class=\"OYPEnA font-feature-liga-off font-feature-clig-off font-feature-calt-off text-decoration-none text-strikethrough-none\">pontos kal\u00f3riamennyis\u00e9geket, a zs\u00edr\/tel\u00edtett zs\u00edr\/feh\u00e9rje\/sz\u00e9nhidr\u00e1t\/s\u00f3\/cukor mennyis\u00e9g\u00e9t<\/span><span class=\"OYPEnA font-feature-liga-off font-feature-clig-off font-feature-calt-off text-decoration-none text-strikethrough-none\">, \u00e9s az <\/span><span class=\"OYPEnA font-feature-liga-off font-feature-clig-off font-feature-calt-off text-decoration-none text-strikethrough-none\">allerg\u00e9neket<\/span><span class=\"OYPEnA font-feature-liga-off font-feature-clig-off font-feature-calt-off text-decoration-none text-strikethrough-none\"> \u00e9tkez\u00e9sekre lebontva<\/span><\/p><\/li><li><p><span class=\"OYPEnA font-feature-liga-off font-feature-clig-off font-feature-calt-off text-decoration-none text-strikethrough-none\">a receptkivonat az <\/span><span class=\"OYPEnA font-feature-liga-off font-feature-clig-off font-feature-calt-off text-decoration-none text-strikethrough-none\">egy h\u00e9tre kisz\u00e1molt<\/span><span class=\"OYPEnA font-feature-liga-off font-feature-clig-off font-feature-calt-off text-decoration-none text-strikethrough-none\"> mennyis\u00e9geket tartalmazza, mindegyik \u00e9tkez\u00e9sn\u00e9l<\/span><\/p><\/li><li><p><span class=\"OYPEnA font-feature-liga-off font-feature-clig-off font-feature-calt-off text-decoration-none text-strikethrough-none\">a <\/span><span class=\"OYPEnA font-feature-liga-off font-feature-clig-off font-feature-calt-off text-decoration-none text-strikethrough-none\">bev\u00e1s\u00e1rl\u00f3lista az egy h\u00e9tre kisz\u00e1molt<\/span><span class=\"OYPEnA font-feature-liga-off font-feature-clig-off font-feature-calt-off text-decoration-none text-strikethrough-none\"> mennyis\u00e9gek megjel\u00f6l\u00e9s\u00e9vel k\u00e9sz\u00fcl el<\/span><\/p><\/li><li><p><span class=\"OYPEnA font-feature-liga-off font-feature-clig-off font-feature-calt-off text-decoration-none text-strikethrough-none\">beker\u00fclt egy \u00e1tfog\u00f3, szem\u00e9lyre szabott,<\/span> <span class=\"OYPEnA font-feature-liga-off font-feature-clig-off font-feature-calt-off text-decoration-none text-strikethrough-none\">funkcion\u00e1lis \u00e9lelmiszereket tartalmaz\u00f3 folyamat\u00e1bra<\/span><span class=\"OYPEnA font-feature-liga-off font-feature-clig-off font-feature-calt-off text-decoration-none text-strikethrough-none\">, amely seg\u00edt meg\u00e9rteni, hogy mit \u00e9s mi\u00e9rt eszel\/iszol<\/span><\/p><\/li><li><p><span class=\"OYPEnA font-feature-liga-off font-feature-clig-off font-feature-calt-off text-decoration-none text-strikethrough-none\">a program mell\u00e9kletek\u00e9nt megkapod a <\/span><span class=\"OYPEnA font-feature-liga-off font-feature-clig-off font-feature-calt-off text-decoration-none text-strikethrough-none\">Sportol\u00f3i munkaf\u00fczetemet<\/span><span class=\"OYPEnA font-feature-liga-off font-feature-clig-off font-feature-calt-off text-decoration-none text-strikethrough-none\">, amely nemcsak a sportban, hanem az \u00e9let m\u00e1s ter\u00fcletein is seg\u00edt, hogy kihozd magadb\u00f3l a maximumot<\/span><\/p><\/li><\/ul><p class=\"cvGsUA direction-ltr align-start para-style-body\"><span style=\"text-decoration: underline;\"><span class=\"OYPEnA font-feature-liga-off font-feature-clig-off font-feature-calt-off text-decoration-none text-strikethrough-none\">Az edz\u00e9sterv is \u00faj f\u00e9nyben t\u00fcnk\u00f6d\u00f6l:<\/span><\/span><\/p><ul><li><p><span class=\"OYPEnA font-feature-liga-off font-feature-clig-off font-feature-calt-off text-decoration-none text-strikethrough-none\">beker\u00fclt egy r\u00e9szletes <\/span><span class=\"OYPEnA font-feature-liga-off font-feature-clig-off font-feature-calt-off text-decoration-none text-strikethrough-none\">\u00fatmutat\u00f3<\/span><span class=\"OYPEnA font-feature-liga-off font-feature-clig-off font-feature-calt-off text-decoration-none text-strikethrough-none\">, ami v\u00e9gigvezet l\u00e9p\u00e9sr\u0151l l\u00e9p\u00e9sre azon, hogy hogyan is kellene ezt az eg\u00e9szet elkezdened<\/span><\/p><\/li><li><p><span class=\"OYPEnA font-feature-liga-off font-feature-clig-off font-feature-calt-off text-decoration-none text-strikethrough-none\">egy, m\u00e1r megl\u00e9v\u0151 <\/span><span class=\"OYPEnA font-feature-liga-off font-feature-clig-off font-feature-calt-off text-decoration-none text-strikethrough-none\">pulzusg\u00f6rb\u00e9d ki\u00e9rt\u00e9kel\u00e9s\u00e9t<\/span><span class=\"OYPEnA font-feature-liga-off font-feature-clig-off font-feature-calt-off text-decoration-none text-strikethrough-none\"> is tartalmazza a program<\/span><\/p><\/li><li><p><span class=\"OYPEnA font-feature-liga-off font-feature-clig-off font-feature-calt-off text-decoration-none text-strikethrough-none\">a sportol\u00f3k er\u0151nl\u00e9ti edz\u00e9sprogramja tartalmaz egy <\/span><span class=\"OYPEnA font-feature-liga-off font-feature-clig-off font-feature-calt-off text-decoration-none text-strikethrough-none\">edz\u00e9sprogresszi\u00f3s grafikont<\/span><span class=\"OYPEnA font-feature-liga-off font-feature-clig-off font-feature-calt-off text-decoration-none text-strikethrough-none\">, amely seg\u00edt meg\u00e9rteni, hogy mikor, mit \u00e9s mi\u00e9rt csin\u00e1lsz<\/span><\/p><\/li><li><p><span class=\"OYPEnA font-feature-liga-off font-feature-clig-off font-feature-calt-off text-decoration-none text-strikethrough-none\">a program mell\u00e9kletek\u00e9nt megkapod a <\/span><span class=\"OYPEnA font-feature-liga-off font-feature-clig-off font-feature-calt-off text-decoration-none text-strikethrough-none\">Sportol\u00f3i munkaf\u00fczetemet<\/span><span class=\"OYPEnA font-feature-liga-off font-feature-clig-off font-feature-calt-off text-decoration-none text-strikethrough-none\">, amely nemcsak a sportban, hanem az \u00e9let m\u00e1s ter\u00fcletein is seg\u00edt, hogy kihozd magadb\u00f3l a maximumot<\/span><\/p><\/li><\/ul>\t\t\t\t\t\t\t\t<\/div>\n\t\t\t\t<\/div>\n\t\t\t\t\t<\/div>\n\t\t\t\t<\/div>\n\t\t<div class=\"elementor-element elementor-element-33a64e9 e-flex e-con-boxed e-con e-parent\" data-id=\"33a64e9\" data-element_type=\"container\">\n\t\t\t\t\t<div class=\"e-con-inner\">\n\t\t<div class=\"elementor-element elementor-element-19ddbb8 e-con-full e-flex e-con e-child\" data-id=\"19ddbb8\" data-element_type=\"container\">\n\t\t\t\t<div class=\"elementor-element elementor-element-bc8217f elementor-widget__width-auto elementor-align-center elementor-invisible elementor-widget elementor-widget-button\" data-id=\"bc8217f\" data-element_type=\"widget\" data-settings=\"{&quot;_animation&quot;:&quot;zoomIn&quot;,&quot;_animation_delay&quot;:600}\" data-widget_type=\"button.default\">\n\t\t\t\t<div class=\"elementor-widget-container\">\n\t\t\t\t\t\t\t\t\t<div class=\"elementor-button-wrapper\">\n\t\t\t\t\t<a class=\"elementor-button elementor-button-link elementor-size-sm\" href=\"https:\/\/fitology.hu\/en\/programok\/\">\n\t\t\t\t\t\t<span class=\"elementor-button-content-wrapper\">\n\t\t\t\t\t\t\t\t\t<span class=\"elementor-button-text\">Programs<\/span>\n\t\t\t\t\t<\/span>\n\t\t\t\t\t<\/a>\n\t\t\t\t<\/div>\n\t\t\t\t\t\t\t\t<\/div>\n\t\t\t\t<\/div>\n\t\t\t\t<\/div>\n\t\t<div class=\"elementor-element elementor-element-6a1c6fe e-con-full e-flex elementor-invisible e-con e-child\" data-id=\"6a1c6fe\" data-element_type=\"container\" data-settings=\"{&quot;animation&quot;:&quot;fadeInRight&quot;}\">\n\t\t\t\t<div class=\"elementor-element elementor-element-32e653c elementor-widget elementor-widget-image\" data-id=\"32e653c\" data-element_type=\"widget\" data-widget_type=\"image.default\">\n\t\t\t\t<div class=\"elementor-widget-container\">\n\t\t\t\t\t\t\t\t\t\t\t\t\t\t\t<img fetchpriority=\"high\" decoding=\"async\" width=\"576\" height=\"327\" src=\"https:\/\/fitology.hu\/wp-content\/uploads\/2025\/01\/2025.png\" class=\"attachment-large size-large wp-image-26245\" alt=\"\" srcset=\"https:\/\/fitology.hu\/wp-content\/uploads\/2025\/01\/2025.png 576w, https:\/\/fitology.hu\/wp-content\/uploads\/2025\/01\/2025-300x170.png 300w\" sizes=\"(max-width: 576px) 100vw, 576px\" \/>\t\t\t\t\t\t\t\t\t\t\t\t\t\t\t<\/div>\n\t\t\t\t<\/div>\n\t\t\t\t<\/div>\n\t\t\t\t\t<\/div>\n\t\t\t\t<\/div>\n\t\t\t\t<\/div>","protected":false},"excerpt":{"rendered":"<p>Hello 2025! Ahogyan azt a k\u00f6z\u00f6ss\u00e9gi m\u00e9dia fel\u00fcleteimen t\u00f6bbsz\u00f6r jeleztem, janu\u00e1rt\u00f3l \u00faj \u00e1rakat l\u00e1thatsz egyes szolg\u00e1ltat\u00e1sokn\u00e1l. B\u00e1rmennyire is hihetetlen, \u00e9n nem csak az \u00e1rakat, de a szolg\u00e1ltat\u00e1saim min\u0151s\u00e9g\u00e9t is emelem, ez pedig ebben az esetben azt jelenti, hogy \u00faj extr\u00e1kkal b\u0151v\u00fcltek a programok: \u00a0 T\u00e1pl\u00e1lkoz\u00e1si\/Sportt\u00e1pl\u00e1lkoz\u00e1si \u00e9s a Komplex 2 in 1 program: a program b\u0151v\u00fclt [&hellip;]<\/p>","protected":false},"author":1,"featured_media":0,"parent":0,"menu_order":0,"comment_status":"closed","ping_status":"closed","template":"","meta":{"_monsterinsights_skip_tracking":false,"_monsterinsights_sitenote_active":false,"_monsterinsights_sitenote_note":"","_monsterinsights_sitenote_category":0,"site-sidebar-layout":"no-sidebar","site-content-layout":"page-builder","ast-site-content-layout":"full-width-container","site-content-style":"default","site-sidebar-style":"default","ast-global-header-display":"","ast-banner-title-visibility":"","ast-main-header-display":"","ast-hfb-above-header-display":"","ast-hfb-below-header-display":"","ast-hfb-mobile-header-display":"","site-post-title":"disabled","ast-breadcrumbs-content":"","ast-featured-img":"disabled","footer-sml-layout":"","ast-disable-related-posts":"","theme-transparent-header-meta":"","adv-header-id-meta":"","stick-header-meta":"","header-above-stick-meta":"","header-main-stick-meta":"","header-below-stick-meta":"","astra-migrate-meta-layouts":"default","ast-page-background-enabled":"default","ast-page-background-meta":{"desktop":{"background-color":"","background-image":"","background-repeat":"repeat","background-position":"center center","background-size":"auto","background-attachment":"scroll","background-type":"","background-media":"","overlay-type":"","overlay-color":"","overlay-opacity":"","overlay-gradient":""},"tablet":{"background-color":"","background-image":"","background-repeat":"repeat","background-position":"center center","background-size":"auto","background-attachment":"scroll","background-type":"","background-media":"","overlay-type":"","overlay-color":"","overlay-opacity":"","overlay-gradient":""},"mobile":{"background-color":"","background-image":"","background-repeat":"repeat","background-position":"center center","background-size":"auto","background-attachment":"scroll","background-type":"","background-media":"","overlay-type":"","overlay-color":"","overlay-opacity":"","overlay-gradient":""}},"ast-content-background-meta":{"desktop":{"background-color":"var(--ast-global-color-5)","background-image":"","background-repeat":"repeat","background-position":"center center","background-size":"auto","background-attachment":"scroll","background-type":"","background-media":"","overlay-type":"","overlay-color":"","overlay-opacity":"","overlay-gradient":""},"tablet":{"background-color":"var(--ast-global-color-5)","background-image":"","background-repeat":"repeat","background-position":"center center","background-size":"auto","background-attachment":"scroll","background-type":"","background-media":"","overlay-type":"","overlay-color":"","overlay-opacity":"","overlay-gradient":""},"mobile":{"background-color":"var(--ast-global-color-5)","background-image":"","background-repeat":"repeat","background-position":"center center","background-size":"auto","background-attachment":"scroll","background-type":"","background-media":"","overlay-type":"","overlay-color":"","overlay-opacity":"","overlay-gradient":""}},"footnotes":""},"class_list":["post-26227","page","type-page","status-publish","hentry"],"yoast_head":"<!-- This site is optimized with the Yoast SEO plugin v26.7 - https:\/\/yoast.com\/wordpress\/plugins\/seo\/ -->\n<title>H\u00edrek, blog - Fitology<\/title>\n<meta name=\"robots\" content=\"index, follow, max-snippet:-1, max-image-preview:large, max-video-preview:-1\" \/>\n<link rel=\"canonical\" href=\"https:\/\/fitology.hu\/en\/hirek-blog\/\" \/>\n<meta property=\"og:locale\" content=\"en_GB\" \/>\n<meta property=\"og:type\" content=\"article\" \/>\n<meta property=\"og:title\" content=\"H\u00edrek, blog - Fitology\" \/>\n<meta property=\"og:description\" content=\"Hello 2025! Ahogyan azt a k\u00f6z\u00f6ss\u00e9gi m\u00e9dia fel\u00fcleteimen t\u00f6bbsz\u00f6r jeleztem, janu\u00e1rt\u00f3l \u00faj \u00e1rakat l\u00e1thatsz egyes szolg\u00e1ltat\u00e1sokn\u00e1l. B\u00e1rmennyire is hihetetlen, \u00e9n nem csak az \u00e1rakat, de a szolg\u00e1ltat\u00e1saim min\u0151s\u00e9g\u00e9t is emelem, ez pedig ebben az esetben azt jelenti, hogy \u00faj extr\u00e1kkal b\u0151v\u00fcltek a programok: \u00a0 T\u00e1pl\u00e1lkoz\u00e1si\/Sportt\u00e1pl\u00e1lkoz\u00e1si \u00e9s a Komplex 2 in 1 program: a program b\u0151v\u00fclt [&hellip;]\" \/>\n<meta property=\"og:url\" content=\"https:\/\/fitology.hu\/en\/hirek-blog\/\" \/>\n<meta property=\"og:site_name\" content=\"Fitology\" \/>\n<meta property=\"article:publisher\" content=\"https:\/\/www.facebook.com\/DrTeglasTimea\/#\" \/>\n<meta property=\"article:modified_time\" content=\"2025-01-16T10:28:16+00:00\" \/>\n<meta property=\"og:image\" content=\"https:\/\/fitology.hu\/wp-content\/uploads\/2025\/01\/2025.png\" \/>\n<meta name=\"twitter:card\" content=\"summary_large_image\" \/>\n<meta name=\"twitter:label1\" content=\"Estimated reading time\" \/>\n\t<meta name=\"twitter:data1\" content=\"2 minutes\" \/>\n<script type=\"application\/ld+json\" class=\"yoast-schema-graph\">{\"@context\":\"https:\/\/schema.org\",\"@graph\":[{\"@type\":\"WebPage\",\"@id\":\"https:\/\/fitology.hu\/hirek-blog\/\",\"url\":\"https:\/\/fitology.hu\/hirek-blog\/\",\"name\":\"H\u00edrek, blog - Fitology\",\"isPartOf\":{\"@id\":\"https:\/\/fitology.hu\/#website\"},\"primaryImageOfPage\":{\"@id\":\"https:\/\/fitology.hu\/hirek-blog\/#primaryimage\"},\"image\":{\"@id\":\"https:\/\/fitology.hu\/hirek-blog\/#primaryimage\"},\"thumbnailUrl\":\"https:\/\/fitology.hu\/wp-content\/uploads\/2025\/01\/2025.png\",\"datePublished\":\"2025-01-16T08:35:39+00:00\",\"dateModified\":\"2025-01-16T10:28:16+00:00\",\"breadcrumb\":{\"@id\":\"https:\/\/fitology.hu\/hirek-blog\/#breadcrumb\"},\"inLanguage\":\"en-GB\",\"potentialAction\":[{\"@type\":\"ReadAction\",\"target\":[\"https:\/\/fitology.hu\/hirek-blog\/\"]}]},{\"@type\":\"ImageObject\",\"inLanguage\":\"en-GB\",\"@id\":\"https:\/\/fitology.hu\/hirek-blog\/#primaryimage\",\"url\":\"https:\/\/fitology.hu\/wp-content\/uploads\/2025\/01\/2025.png\",\"contentUrl\":\"https:\/\/fitology.hu\/wp-content\/uploads\/2025\/01\/2025.png\"},{\"@type\":\"BreadcrumbList\",\"@id\":\"https:\/\/fitology.hu\/hirek-blog\/#breadcrumb\",\"itemListElement\":[{\"@type\":\"ListItem\",\"position\":1,\"name\":\"Kezd\u0151lap\",\"item\":\"https:\/\/fitology.hu\/\"},{\"@type\":\"ListItem\",\"position\":2,\"name\":\"H\u00edrek, blog\"}]},{\"@type\":\"WebSite\",\"@id\":\"https:\/\/fitology.hu\/#website\",\"url\":\"https:\/\/fitology.hu\/\",\"name\":\"Fitology\",\"description\":\"by Dr. T\u00edmea T\u00e9gl\u00e1s\",\"publisher\":{\"@id\":\"https:\/\/fitology.hu\/#organization\"},\"potentialAction\":[{\"@type\":\"SearchAction\",\"target\":{\"@type\":\"EntryPoint\",\"urlTemplate\":\"https:\/\/fitology.hu\/?s={search_term_string}\"},\"query-input\":{\"@type\":\"PropertyValueSpecification\",\"valueRequired\":true,\"valueName\":\"search_term_string\"}}],\"inLanguage\":\"en-GB\"},{\"@type\":\"Organization\",\"@id\":\"https:\/\/fitology.hu\/#organization\",\"name\":\"Fitology\",\"url\":\"https:\/\/fitology.hu\/\",\"logo\":{\"@type\":\"ImageObject\",\"inLanguage\":\"en-GB\",\"@id\":\"https:\/\/fitology.hu\/#\/schema\/logo\/image\/\",\"url\":\"https:\/\/fitology.hu\/wp-content\/uploads\/2023\/11\/cropped-2012333E-8284-45BA-982A-ED2881AEC88C.png\",\"contentUrl\":\"https:\/\/fitology.hu\/wp-content\/uploads\/2023\/11\/cropped-2012333E-8284-45BA-982A-ED2881AEC88C.png\",\"width\":512,\"height\":512,\"caption\":\"Fitology\"},\"image\":{\"@id\":\"https:\/\/fitology.hu\/#\/schema\/logo\/image\/\"},\"sameAs\":[\"https:\/\/www.facebook.com\/DrTeglasTimea\/#\"]}]}<\/script>\n<!-- \/ Yoast SEO plugin. -->","yoast_head_json":{"title":"H\u00edrek, blog - Fitology","robots":{"index":"index","follow":"follow","max-snippet":"max-snippet:-1","max-image-preview":"max-image-preview:large","max-video-preview":"max-video-preview:-1"},"canonical":"https:\/\/fitology.hu\/en\/hirek-blog\/","og_locale":"en_GB","og_type":"article","og_title":"H\u00edrek, blog - Fitology","og_description":"Hello 2025! Ahogyan azt a k\u00f6z\u00f6ss\u00e9gi m\u00e9dia fel\u00fcleteimen t\u00f6bbsz\u00f6r jeleztem, janu\u00e1rt\u00f3l \u00faj \u00e1rakat l\u00e1thatsz egyes szolg\u00e1ltat\u00e1sokn\u00e1l. B\u00e1rmennyire is hihetetlen, \u00e9n nem csak az \u00e1rakat, de a szolg\u00e1ltat\u00e1saim min\u0151s\u00e9g\u00e9t is emelem, ez pedig ebben az esetben azt jelenti, hogy \u00faj extr\u00e1kkal b\u0151v\u00fcltek a programok: \u00a0 T\u00e1pl\u00e1lkoz\u00e1si\/Sportt\u00e1pl\u00e1lkoz\u00e1si \u00e9s a Komplex 2 in 1 program: a program b\u0151v\u00fclt [&hellip;]","og_url":"https:\/\/fitology.hu\/en\/hirek-blog\/","og_site_name":"Fitology","article_publisher":"https:\/\/www.facebook.com\/DrTeglasTimea\/#","article_modified_time":"2025-01-16T10:28:16+00:00","og_image":[{"url":"https:\/\/fitology.hu\/wp-content\/uploads\/2025\/01\/2025.png","type":"","width":"","height":""}],"twitter_card":"summary_large_image","twitter_misc":{"Estimated reading time":"2 minutes"},"schema":{"@context":"https:\/\/schema.org","@graph":[{"@type":"WebPage","@id":"https:\/\/fitology.hu\/hirek-blog\/","url":"https:\/\/fitology.hu\/hirek-blog\/","name":"H\u00edrek, blog - Fitology","isPartOf":{"@id":"https:\/\/fitology.hu\/#website"},"primaryImageOfPage":{"@id":"https:\/\/fitology.hu\/hirek-blog\/#primaryimage"},"image":{"@id":"https:\/\/fitology.hu\/hirek-blog\/#primaryimage"},"thumbnailUrl":"https:\/\/fitology.hu\/wp-content\/uploads\/2025\/01\/2025.png","datePublished":"2025-01-16T08:35:39+00:00","dateModified":"2025-01-16T10:28:16+00:00","breadcrumb":{"@id":"https:\/\/fitology.hu\/hirek-blog\/#breadcrumb"},"inLanguage":"en-GB","potentialAction":[{"@type":"ReadAction","target":["https:\/\/fitology.hu\/hirek-blog\/"]}]},{"@type":"ImageObject","inLanguage":"en-GB","@id":"https:\/\/fitology.hu\/hirek-blog\/#primaryimage","url":"https:\/\/fitology.hu\/wp-content\/uploads\/2025\/01\/2025.png","contentUrl":"https:\/\/fitology.hu\/wp-content\/uploads\/2025\/01\/2025.png"},{"@type":"BreadcrumbList","@id":"https:\/\/fitology.hu\/hirek-blog\/#breadcrumb","itemListElement":[{"@type":"ListItem","position":1,"name":"Kezd\u0151lap","item":"https:\/\/fitology.hu\/"},{"@type":"ListItem","position":2,"name":"H\u00edrek, blog"}]},{"@type":"WebSite","@id":"https:\/\/fitology.hu\/#website","url":"https:\/\/fitology.hu\/","name":"Fitology","description":"by Dr. T\u00edmea T\u00e9gl\u00e1s","publisher":{"@id":"https:\/\/fitology.hu\/#organization"},"potentialAction":[{"@type":"SearchAction","target":{"@type":"EntryPoint","urlTemplate":"https:\/\/fitology.hu\/?s={search_term_string}"},"query-input":{"@type":"PropertyValueSpecification","valueRequired":true,"valueName":"search_term_string"}}],"inLanguage":"en-GB"},{"@type":"Organization","@id":"https:\/\/fitology.hu\/#organization","name":"Fitology","url":"https:\/\/fitology.hu\/","logo":{"@type":"ImageObject","inLanguage":"en-GB","@id":"https:\/\/fitology.hu\/#\/schema\/logo\/image\/","url":"https:\/\/fitology.hu\/wp-content\/uploads\/2023\/11\/cropped-2012333E-8284-45BA-982A-ED2881AEC88C.png","contentUrl":"https:\/\/fitology.hu\/wp-content\/uploads\/2023\/11\/cropped-2012333E-8284-45BA-982A-ED2881AEC88C.png","width":512,"height":512,"caption":"Fitology"},"image":{"@id":"https:\/\/fitology.hu\/#\/schema\/logo\/image\/"},"sameAs":["https:\/\/www.facebook.com\/DrTeglasTimea\/#"]}]}},"_links":{"self":[{"href":"https:\/\/fitology.hu\/en\/wp-json\/wp\/v2\/pages\/26227","targetHints":{"allow":["GET"]}}],"collection":[{"href":"https:\/\/fitology.hu\/en\/wp-json\/wp\/v2\/pages"}],"about":[{"href":"https:\/\/fitology.hu\/en\/wp-json\/wp\/v2\/types\/page"}],"author":[{"embeddable":true,"href":"https:\/\/fitology.hu\/en\/wp-json\/wp\/v2\/users\/1"}],"replies":[{"embeddable":true,"href":"https:\/\/fitology.hu\/en\/wp-json\/wp\/v2\/comments?post=26227"}],"version-history":[{"count":0,"href":"https:\/\/fitology.hu\/en\/wp-json\/wp\/v2\/pages\/26227\/revisions"}],"wp:attachment":[{"href":"https:\/\/fitology.hu\/en\/wp-json\/wp\/v2\/media?parent=26227"}],"curies":[{"name":"wp","href":"https:\/\/api.w.org\/{rel}","templated":true}]}}